{"id":9931,"date":"2024-02-29T14:11:33","date_gmt":"2024-02-29T13:11:33","guid":{"rendered":"https:\/\/continentduvin.fr\/importateur-de-vin-du-monde\/?page_id=9931"},"modified":"2025-08-26T14:57:33","modified_gmt":"2025-08-26T13:57:33","slug":"post-house-cameo-vins-afrique-du-sud","status":"publish","type":"page","link":"https:\/\/continentduvin.fr\/importateur-de-vin-du-monde\/post-house-cameo-vins-afrique-du-sud\/","title":{"rendered":"Post House Cam\u00e9o &#8211; Vins Sud Africain"},"content":{"rendered":"\t\t<div data-elementor-type=\"wp-page\" data-elementor-id=\"9931\" class=\"elementor elementor-9931\">\n\t\t\t\t<div class=\"elementor-element elementor-element-31d7a69 e-flex e-con-boxed e-con e-parent\" data-id=\"31d7a69\" data-element_type=\"container\">\n\t\t\t\t\t<div class=\"e-con-inner\">\n\t\t<div class=\"elementor-element elementor-element-c50d79f e-con-full e-flex e-con e-child\" data-id=\"c50d79f\" data-element_type=\"container\">\n\t\t\t\t<div class=\"elementor-element elementor-element-e58bee2 elementor-arrows-position-inside elementor-pagination-position-outside elementor-widget elementor-widget-image-carousel\" data-id=\"e58bee2\" data-element_type=\"widget\" data-settings=\"{&quot;slides_to_show&quot;:&quot;1&quot;,&quot;autoplay&quot;:&quot;no&quot;,&quot;navigation&quot;:&quot;both&quot;,&quot;infinite&quot;:&quot;yes&quot;,&quot;effect&quot;:&quot;slide&quot;,&quot;speed&quot;:500}\" data-widget_type=\"image-carousel.default\">\n\t\t\t\t<div class=\"elementor-widget-container\">\n\t\t\t\t\t\t\t<div class=\"elementor-image-carousel-wrapper swiper\" role=\"region\" aria-roledescription=\"carousel\" aria-label=\"Carrousel d\u2019images\" dir=\"ltr\">\n\t\t\t<div class=\"elementor-image-carousel swiper-wrapper\" aria-live=\"polite\">\n\t\t\t\t\t\t\t\t<div class=\"swiper-slide\" role=\"group\" aria-roledescription=\"slide\" aria-label=\"1 sur 2\"><figure class=\"swiper-slide-inner\"><img decoding=\"async\" class=\"swiper-slide-image\" src=\"https:\/\/continentduvin.fr\/wp-content\/uploads\/2025\/07\/CAMEO.png\" alt=\"CAMEO\" \/><\/figure><\/div><div class=\"swiper-slide\" role=\"group\" aria-roledescription=\"slide\" aria-label=\"2 sur 2\"><figure class=\"swiper-slide-inner\"><img decoding=\"async\" class=\"swiper-slide-image\" src=\"https:\/\/continentduvin.fr\/wp-content\/uploads\/2024\/02\/post-house-600x600-1.jpg\" alt=\"post house 600x600\" \/><\/figure><\/div>\t\t\t<\/div>\n\t\t\t\t\t\t\t\t\t\t\t\t<div class=\"elementor-swiper-button elementor-swiper-button-prev\" role=\"button\" tabindex=\"0\">\n\t\t\t\t\t\t<i aria-hidden=\"true\" class=\"eicon-chevron-left\"><\/i>\t\t\t\t\t<\/div>\n\t\t\t\t\t<div class=\"elementor-swiper-button elementor-swiper-button-next\" role=\"button\" tabindex=\"0\">\n\t\t\t\t\t\t<i aria-hidden=\"true\" class=\"eicon-chevron-right\"><\/i>\t\t\t\t\t<\/div>\n\t\t\t\t\n\t\t\t\t\t\t\t\t\t<div class=\"swiper-pagination\"><\/div>\n\t\t\t\t\t\t\t\t\t<\/div>\n\t\t\t\t\t\t<\/div>\n\t\t\t\t<\/div>\n\t\t\t\t<\/div>\n\t\t<div class=\"elementor-element elementor-element-2eb2e81 e-con-full e-flex e-con e-child\" data-id=\"2eb2e81\" data-element_type=\"container\">\n\t\t\t\t<div class=\"elementor-element elementor-element-f258f07 elementor-widget elementor-widget-heading\" data-id=\"f258f07\" data-element_type=\"widget\" data-widget_type=\"heading.default\">\n\t\t\t\t<div class=\"elementor-widget-container\">\n\t\t\t\t\t<h2 class=\"elementor-heading-title elementor-size-default\"><font color=\"#000000\">Cam\u00e9o - WO Stellenbosch<\/font><\/h2>\t\t\t\t<\/div>\n\t\t\t\t<\/div>\n\t\t\t\t<div class=\"elementor-element elementor-element-19bcdd8 elementor-widget elementor-widget-text-editor\" data-id=\"19bcdd8\" data-element_type=\"widget\" data-widget_type=\"text-editor.default\">\n\t\t\t\t<div class=\"elementor-widget-container\">\n\t\t\t\t\t\t\t\t\t<p>Post House est un domaine viticole tenu par Nick Gebers sur l\u2019appellation d&rsquo;origine de Stellenbosch au c\u0153ur du vignoble sud-africain sur les contre forts de la colline d&rsquo;Helderberg.<\/p><p>Cameo est un 100 % Chenin Blanc produit sur des graves.<\/p><p>Le vin est jaune clair, notes de pommes, de coing et d&rsquo;agrumes. La bouche est fra\u00eeche et rafra\u00eechissante avec une belle r\u00e9tro-olfaction. Accord : viande blanche, poisson grill\u00e9&#8230;<\/p>\t\t\t\t\t\t\t\t<\/div>\n\t\t\t\t<\/div>\n\t\t\t\t<div class=\"elementor-element elementor-element-8baff8c elementor-widget elementor-widget-button\" data-id=\"8baff8c\" data-element_type=\"widget\" data-widget_type=\"button.default\">\n\t\t\t\t<div class=\"elementor-widget-container\">\n\t\t\t\t\t\t\t\t\t<div class=\"elementor-button-wrapper\">\n\t\t\t\t\t<a class=\"elementor-button elementor-button-link elementor-size-sm elementor-animation-grow\" href=\"https:\/\/continentduvin.fr\/wp-content\/uploads\/2024\/05\/Cameo-Post-House.pdf\" target=\"_blank\">\n\t\t\t\t\t\t<span class=\"elementor-button-content-wrapper\">\n\t\t\t\t\t\t\t\t\t<span class=\"elementor-button-text\">T\u00e9l\u00e9chargez la fiche technique<\/span>\n\t\t\t\t\t<\/span>\n\t\t\t\t\t<\/a>\n\t\t\t\t<\/div>\n\t\t\t\t\t\t\t\t<\/div>\n\t\t\t\t<\/div>\n\t\t\t\t<div class=\"elementor-element elementor-element-860a05c elementor-widget__width-initial elementor-absolute elementor-widget elementor-widget-image\" data-id=\"860a05c\" data-element_type=\"widget\" data-settings=\"{&quot;_position&quot;:&quot;absolute&quot;}\" data-widget_type=\"image.default\">\n\t\t\t\t<div class=\"elementor-widget-container\">\n\t\t\t\t\t\t\t\t\t\t\t\t\t\t\t<img fetchpriority=\"high\" decoding=\"async\" width=\"1024\" height=\"637\" src=\"https:\/\/continentduvin.fr\/wp-content\/uploads\/2024\/04\/Sans-titre-2-03-1024x637.png\" class=\"attachment-large size-large wp-image-11613\" alt=\"\" srcset=\"https:\/\/continentduvin.fr\/wp-content\/uploads\/2024\/04\/Sans-titre-2-03-1024x637.png 1024w, https:\/\/continentduvin.fr\/wp-content\/uploads\/2024\/04\/Sans-titre-2-03-300x187.png 300w, https:\/\/continentduvin.fr\/wp-content\/uploads\/2024\/04\/Sans-titre-2-03-768x477.png 768w, https:\/\/continentduvin.fr\/wp-content\/uploads\/2024\/04\/Sans-titre-2-03.png 1200w\" sizes=\"(max-width: 1024px) 100vw, 1024px\" \/>\t\t\t\t\t\t\t\t\t\t\t\t\t\t\t<\/div>\n\t\t\t\t<\/div>\n\t\t\t\t<\/div>\n\t\t\t\t\t<\/div>\n\t\t\t\t<\/div>\n\t\t<div class=\"elementor-element elementor-element-f8a59e6 e-flex e-con-boxed e-con e-parent\" data-id=\"f8a59e6\" data-element_type=\"container\">\n\t\t\t\t\t<div class=\"e-con-inner\">\n\t\t\t\t<div class=\"elementor-element elementor-element-eb1bc6f elementor-widget-divider--view-line elementor-widget elementor-widget-divider\" data-id=\"eb1bc6f\" data-element_type=\"widget\" data-widget_type=\"divider.default\">\n\t\t\t\t<div class=\"elementor-widget-container\">\n\t\t\t\t\t\t\t<div class=\"elementor-divider\">\n\t\t\t<span class=\"elementor-divider-separator\">\n\t\t\t\t\t\t<\/span>\n\t\t<\/div>\n\t\t\t\t\t\t<\/div>\n\t\t\t\t<\/div>\n\t\t\t\t\t<\/div>\n\t\t\t\t<\/div>\n\t\t<div class=\"elementor-element elementor-element-c631cb7 e-flex e-con-boxed e-con e-parent\" data-id=\"c631cb7\" data-element_type=\"container\">\n\t\t\t\t\t<div class=\"e-con-inner\">\n\t\t<div class=\"elementor-element elementor-element-121bf4b e-con-full e-flex e-con e-child\" data-id=\"121bf4b\" data-element_type=\"container\">\n\t\t\t\t<div class=\"elementor-element elementor-element-03fd6da elementor-widget elementor-widget-heading\" data-id=\"03fd6da\" data-element_type=\"widget\" data-widget_type=\"heading.default\">\n\t\t\t\t<div class=\"elementor-widget-container\">\n\t\t\t\t\t<h2 class=\"elementor-heading-title elementor-size-default\">Pour toutes vos question ou pour nous contacter, veuillez remplir ce formulaire<\/h2>\t\t\t\t<\/div>\n\t\t\t\t<\/div>\n\t\t\t\t<div class=\"elementor-element elementor-element-6a6e29e elementor-button-align-stretch elementor-widget elementor-widget-form\" data-id=\"6a6e29e\" data-element_type=\"widget\" data-settings=\"{&quot;step_next_label&quot;:&quot;Next&quot;,&quot;step_previous_label&quot;:&quot;Previous&quot;,&quot;button_width&quot;:&quot;100&quot;,&quot;step_type&quot;:&quot;number_text&quot;,&quot;step_icon_shape&quot;:&quot;circle&quot;}\" data-widget_type=\"form.default\">\n\t\t\t\t<div class=\"elementor-widget-container\">\n\t\t\t\t\t\t\t<form class=\"elementor-form\" method=\"post\" name=\"New Form\">\n\t\t\t<input type=\"hidden\" name=\"post_id\" value=\"9931\"\/>\n\t\t\t<input type=\"hidden\" name=\"form_id\" value=\"6a6e29e\"\/>\n\t\t\t<input type=\"hidden\" name=\"referer_title\" value=\"\" \/>\n\n\t\t\t\n\t\t\t<div class=\"elementor-form-fields-wrapper elementor-labels-above\">\n\t\t\t\t\t\t\t\t<div class=\"elementor-field-type-text elementor-field-group elementor-column elementor-field-group-name elementor-col-100\">\n\t\t\t\t\t\t\t\t\t\t\t\t<label for=\"form-field-name\" class=\"elementor-field-label\">\n\t\t\t\t\t\t\t\tNom Pr\u00e9nom\t\t\t\t\t\t\t<\/label>\n\t\t\t\t\t\t\t\t\t\t\t\t\t\t<input size=\"1\" type=\"text\" name=\"form_fields[name]\" id=\"form-field-name\" class=\"elementor-field elementor-size-sm  elementor-field-textual\" placeholder=\"Nom Pr\u00e9nom\">\n\t\t\t\t\t\t\t\t\t\t\t<\/div>\n\t\t\t\t\t\t\t\t<div class=\"elementor-field-type-email elementor-field-group elementor-column elementor-field-group-email elementor-col-100 elementor-field-required\">\n\t\t\t\t\t\t\t\t\t\t\t\t<label for=\"form-field-email\" class=\"elementor-field-label\">\n\t\t\t\t\t\t\t\tEmail\t\t\t\t\t\t\t<\/label>\n\t\t\t\t\t\t\t\t\t\t\t\t\t\t<input size=\"1\" type=\"email\" name=\"form_fields[email]\" id=\"form-field-email\" class=\"elementor-field elementor-size-sm  elementor-field-textual\" placeholder=\"Email\" required=\"required\" aria-required=\"true\">\n\t\t\t\t\t\t\t\t\t\t\t<\/div>\n\t\t\t\t\t\t\t\t<div class=\"elementor-field-type-textarea elementor-field-group elementor-column elementor-field-group-message elementor-col-100\">\n\t\t\t\t\t\t\t\t\t\t\t\t<label for=\"form-field-message\" class=\"elementor-field-label\">\n\t\t\t\t\t\t\t\tMessage\t\t\t\t\t\t\t<\/label>\n\t\t\t\t\t\t<textarea class=\"elementor-field-textual elementor-field  elementor-size-sm\" name=\"form_fields[message]\" id=\"form-field-message\" rows=\"4\" placeholder=\"Message\"><\/textarea>\t\t\t\t<\/div>\n\t\t\t\t\t\t\t\t<div class=\"elementor-field-type-recaptcha_v3 elementor-field-group elementor-column elementor-field-group-field_7bae0f1 elementor-col-100 recaptcha_v3-bottomright\">\n\t\t\t\t\t<div class=\"elementor-field\" id=\"form-field-field_7bae0f1\"><div class=\"elementor-g-recaptcha\" data-sitekey=\"6Lcoq0wqAAAAAIrFMkl6wJ73w31jG70dUBy1io2L\" data-type=\"v3\" data-action=\"Form\" data-badge=\"bottomright\" data-size=\"invisible\"><\/div><\/div>\t\t\t\t<\/div>\n\t\t\t\t\t\t\t\t<div class=\"elementor-field-group elementor-column elementor-field-type-submit elementor-col-100 e-form__buttons\">\n\t\t\t\t\t<button type=\"submit\" class=\"elementor-button elementor-size-sm\">\n\t\t\t\t\t\t<span >\n\t\t\t\t\t\t\t\t\t\t\t\t\t\t\t<span class=\" elementor-button-icon\">\n\t\t\t\t\t\t\t\t\t\t\t\t\t\t\t\t\t\t\t\t\t\t\t\t\t\t<\/span>\n\t\t\t\t\t\t\t\t\t\t\t\t\t\t\t\t\t\t\t\t\t\t<span class=\"elementor-button-text\">Envoyer<\/span>\n\t\t\t\t\t\t\t\t\t\t\t\t\t<\/span>\n\t\t\t\t\t<\/button>\n\t\t\t\t<\/div>\n\t\t\t<\/div>\n\t\t<\/form>\n\t\t\t\t\t\t<\/div>\n\t\t\t\t<\/div>\n\t\t\t\t<\/div>\n\t\t<div class=\"elementor-element elementor-element-b5be36b e-con-full e-flex e-con e-child\" data-id=\"b5be36b\" data-element_type=\"container\">\n\t\t<div class=\"elementor-element elementor-element-203ebcf e-flex e-con-boxed e-con e-child\" data-id=\"203ebcf\" data-element_type=\"container\">\n\t\t\t\t\t<div class=\"e-con-inner\">\n\t\t\t\t<div class=\"elementor-element elementor-element-d3c47e8 elementor-widget elementor-widget-google_maps\" data-id=\"d3c47e8\" data-element_type=\"widget\" data-widget_type=\"google_maps.default\">\n\t\t\t\t<div class=\"elementor-widget-container\">\n\t\t\t\t\t\t\t<div class=\"elementor-custom-embed\">\n\t\t\t<iframe loading=\"lazy\"\n\t\t\t\t\tsrc=\"https:\/\/maps.google.com\/maps?q=LE%20PINIER%20%2044690%20CHATEAU-THEBAUD&#038;t=m&#038;z=10&#038;output=embed&#038;iwloc=near\"\n\t\t\t\t\ttitle=\"LE PINIER  44690 CHATEAU-THEBAUD\"\n\t\t\t\t\taria-label=\"LE PINIER  44690 CHATEAU-THEBAUD\"\n\t\t\t><\/iframe>\n\t\t<\/div>\n\t\t\t\t\t\t<\/div>\n\t\t\t\t<\/div>\n\t\t\t\t<div class=\"elementor-element elementor-element-a21ab4a elementor-widget elementor-widget-text-editor\" data-id=\"a21ab4a\" data-element_type=\"widget\" data-widget_type=\"text-editor.default\">\n\t\t\t\t<div class=\"elementor-widget-container\">\n\t\t\t\t\t\t\t\t\t<p>Tel : <a href=\"tel:0240656253\" target=\"_blank\" rel=\"noopener\">02.40.65.62.53<\/a><\/p>\t\t\t\t\t\t\t\t<\/div>\n\t\t\t\t<\/div>\n\t\t\t\t<div class=\"elementor-element elementor-element-d4136f4 elementor-widget elementor-widget-text-editor\" data-id=\"d4136f4\" data-element_type=\"widget\" data-widget_type=\"text-editor.default\">\n\t\t\t\t<div class=\"elementor-widget-container\">\n\t\t\t\t\t\t\t\t\t<p>Mail : <a href=\"mailto:continentduvin@gmail.com\" target=\"_blank\" rel=\"noopener\">continentduvin@gmail.com<\/a><\/p>\t\t\t\t\t\t\t\t<\/div>\n\t\t\t\t<\/div>\n\t\t\t\t<div class=\"elementor-element elementor-element-86ce69e elementor-shape-circle e-grid-align-left elementor-grid-0 elementor-widget elementor-widget-social-icons\" data-id=\"86ce69e\" data-element_type=\"widget\" data-widget_type=\"social-icons.default\">\n\t\t\t\t<div class=\"elementor-widget-container\">\n\t\t\t\t\t\t\t<div class=\"elementor-social-icons-wrapper elementor-grid\">\n\t\t\t\t\t\t\t<span class=\"elementor-grid-item\">\n\t\t\t\t\t<a class=\"elementor-icon elementor-social-icon elementor-social-icon-facebook elementor-repeater-item-fad1eeb\" href=\"https:\/\/www.facebook.com\/ContinentDuVin\" target=\"_blank\">\n\t\t\t\t\t\t<span class=\"elementor-screen-only\">Facebook<\/span>\n\t\t\t\t\t\t<i class=\"fab fa-facebook\"><\/i>\t\t\t\t\t<\/a>\n\t\t\t\t<\/span>\n\t\t\t\t\t\t\t<span class=\"elementor-grid-item\">\n\t\t\t\t\t<a class=\"elementor-icon elementor-social-icon elementor-social-icon-instagram elementor-repeater-item-f51421e\" href=\"https:\/\/www.instagram.com\/continent_du_vin\/\" target=\"_blank\">\n\t\t\t\t\t\t<span class=\"elementor-screen-only\">Instagram<\/span>\n\t\t\t\t\t\t<i class=\"fab fa-instagram\"><\/i>\t\t\t\t\t<\/a>\n\t\t\t\t<\/span>\n\t\t\t\t\t<\/div>\n\t\t\t\t\t\t<\/div>\n\t\t\t\t<\/div>\n\t\t\t\t\t<\/div>\n\t\t\t\t<\/div>\n\t\t<div class=\"elementor-element elementor-element-6c5fda7 e-flex e-con-boxed e-con e-child\" data-id=\"6c5fda7\" data-element_type=\"container\">\n\t\t\t\t\t<div class=\"e-con-inner\">\n\t\t\t\t<div class=\"elementor-element elementor-element-953c2c5 elementor-widget elementor-widget-text-editor\" data-id=\"953c2c5\" data-element_type=\"widget\" data-widget_type=\"text-editor.default\">\n\t\t\t\t<div class=\"elementor-widget-container\">\n\t\t\t\t\t\t\t\t\t<p>L&rsquo;abus d&rsquo;alcool est dangereux pour la sant\u00e9. A consommer avec mod\u00e9ration<\/p>\t\t\t\t\t\t\t\t<\/div>\n\t\t\t\t<\/div>\n\t\t\t\t\t<\/div>\n\t\t\t\t<\/div>\n\t\t\t\t<\/div>\n\t\t\t\t\t<\/div>\n\t\t\t\t<\/div>\n\t\t\t\t<\/div>\n\t\t","protected":false},"excerpt":{"rendered":"<p>Cam\u00e9o &#8211; WO Stellenbosch Post House est un domaine viticole tenu par Nick Gebers sur l\u2019appellation d&rsquo;origine de Stellenbosch au c\u0153ur du vignoble sud-africain sur les contre forts de la colline d&rsquo;Helderberg. Cameo est un 100 % Chenin Blanc produit sur des graves. Le vin est jaune clair, notes de pommes, de coing et d&rsquo;agrumes. [&hellip;]<\/p>\n","protected":false},"author":1,"featured_media":0,"parent":0,"menu_order":0,"comment_status":"closed","ping_status":"closed","template":"","meta":{"_lmt_disableupdate":"no","_lmt_disable":"","site-sidebar-layout":"no-sidebar","site-content-layout":"page-builder","ast-site-content-layout":"full-width-container","site-content-style":"default","site-sidebar-style":"default","ast-global-header-display":"","ast-banner-title-visibility":"","ast-main-header-display":"","ast-hfb-above-header-display":"","ast-hfb-below-header-display":"","ast-hfb-mobile-header-display":"","site-post-title":"disabled","ast-breadcrumbs-content":"","ast-featured-img":"disabled","footer-sml-layout":"","theme-transparent-header-meta":"","adv-header-id-meta":"","stick-header-meta":"","header-above-stick-meta":"","header-main-stick-meta":"","header-below-stick-meta":"","astra-migrate-meta-layouts":"set","ast-page-background-enabled":"default","ast-page-background-meta":{"desktop":{"background-color":"","background-image":"","background-repeat":"repeat","background-position":"center center","background-size":"auto","background-attachment":"scroll","background-type":"","background-media":"","overlay-type":"","overlay-color":"","overlay-gradient":""},"tablet":{"background-color":"","background-image":"","background-repeat":"repeat","background-position":"center center","background-size":"auto","background-attachment":"scroll","background-type":"","background-media":"","overlay-type":"","overlay-color":"","overlay-gradient":""},"mobile":{"background-color":"","background-image":"","background-repeat":"repeat","background-position":"center center","background-size":"auto","background-attachment":"scroll","background-type":"","background-media":"","overlay-type":"","overlay-color":"","overlay-gradient":""}},"ast-content-background-meta":{"desktop":{"background-color":"var(--ast-global-color-5)","background-image":"","background-repeat":"repeat","background-position":"center center","background-size":"auto","background-attachment":"scroll","background-type":"","background-media":"","overlay-type":"","overlay-color":"","overlay-gradient":""},"tablet":{"background-color":"var(--ast-global-color-5)","background-image":"","background-repeat":"repeat","background-position":"center center","background-size":"auto","background-attachment":"scroll","background-type":"","background-media":"","overlay-type":"","overlay-color":"","overlay-gradient":""},"mobile":{"background-color":"var(--ast-global-color-5)","background-image":"","background-repeat":"repeat","background-position":"center center","background-size":"auto","background-attachment":"scroll","background-type":"","background-media":"","overlay-type":"","overlay-color":"","overlay-gradient":""}},"footnotes":""},"yoast_head":"<!-- This site is optimized with the Yoast SEO plugin v23.5 - https:\/\/yoast.com\/wordpress\/plugins\/seo\/ -->\n<title>Post House Cam\u00e9o - Vins Sud Africain -<\/title>\n<meta name=\"robots\" content=\"index, follow, max-snippet:-1, max-image-preview:large, max-video-preview:-1\" \/>\n<link rel=\"canonical\" href=\"https:\/\/continentduvin.fr\/importateur-de-vin-du-monde\/post-house-cameo-vins-afrique-du-sud\/\" \/>\n<meta property=\"og:locale\" content=\"fr_FR\" \/>\n<meta property=\"og:type\" content=\"article\" \/>\n<meta property=\"og:title\" content=\"Post House Cam\u00e9o - Vins Sud Africain -\" \/>\n<meta property=\"og:description\" content=\"Cam\u00e9o &#8211; WO Stellenbosch Post House est un domaine viticole tenu par Nick Gebers sur l\u2019appellation d&rsquo;origine de Stellenbosch au c\u0153ur du vignoble sud-africain sur les contre forts de la colline d&rsquo;Helderberg. Cameo est un 100 % Chenin Blanc produit sur des graves. Le vin est jaune clair, notes de pommes, de coing et d&rsquo;agrumes. [&hellip;]\" \/>\n<meta property=\"og:url\" content=\"https:\/\/continentduvin.fr\/importateur-de-vin-du-monde\/post-house-cameo-vins-afrique-du-sud\/\" \/>\n<meta property=\"article:modified_time\" content=\"2025-08-26T13:57:33+00:00\" \/>\n<meta property=\"og:image\" content=\"https:\/\/continentduvin.fr\/wp-content\/uploads\/2025\/07\/CAMEO.png\" \/>\n<meta name=\"twitter:card\" content=\"summary_large_image\" \/>\n<meta name=\"twitter:label1\" content=\"Dur\u00e9e de lecture estim\u00e9e\" \/>\n\t<meta name=\"twitter:data1\" content=\"2 minutes\" \/>\n<script type=\"application\/ld+json\" class=\"yoast-schema-graph\">{\"@context\":\"https:\/\/schema.org\",\"@graph\":[{\"@type\":\"WebPage\",\"@id\":\"https:\/\/continentduvin.fr\/importateur-de-vin-du-monde\/post-house-cameo-vins-afrique-du-sud\/\",\"url\":\"https:\/\/continentduvin.fr\/importateur-de-vin-du-monde\/post-house-cameo-vins-afrique-du-sud\/\",\"name\":\"Post House Cam\u00e9o - Vins Sud Africain -\",\"isPartOf\":{\"@id\":\"https:\/\/continentduvin.fr\/importateur-de-vin-du-monde\/#website\"},\"primaryImageOfPage\":{\"@id\":\"https:\/\/continentduvin.fr\/importateur-de-vin-du-monde\/post-house-cameo-vins-afrique-du-sud\/#primaryimage\"},\"image\":{\"@id\":\"https:\/\/continentduvin.fr\/importateur-de-vin-du-monde\/post-house-cameo-vins-afrique-du-sud\/#primaryimage\"},\"thumbnailUrl\":\"https:\/\/continentduvin.fr\/wp-content\/uploads\/2025\/07\/CAMEO.png\",\"datePublished\":\"2024-02-29T13:11:33+00:00\",\"dateModified\":\"2025-08-26T13:57:33+00:00\",\"breadcrumb\":{\"@id\":\"https:\/\/continentduvin.fr\/importateur-de-vin-du-monde\/post-house-cameo-vins-afrique-du-sud\/#breadcrumb\"},\"inLanguage\":\"fr-FR\",\"potentialAction\":[{\"@type\":\"ReadAction\",\"target\":[\"https:\/\/continentduvin.fr\/importateur-de-vin-du-monde\/post-house-cameo-vins-afrique-du-sud\/\"]}]},{\"@type\":\"ImageObject\",\"inLanguage\":\"fr-FR\",\"@id\":\"https:\/\/continentduvin.fr\/importateur-de-vin-du-monde\/post-house-cameo-vins-afrique-du-sud\/#primaryimage\",\"url\":\"https:\/\/continentduvin.fr\/wp-content\/uploads\/2025\/07\/CAMEO.png\",\"contentUrl\":\"https:\/\/continentduvin.fr\/wp-content\/uploads\/2025\/07\/CAMEO.png\"},{\"@type\":\"BreadcrumbList\",\"@id\":\"https:\/\/continentduvin.fr\/importateur-de-vin-du-monde\/post-house-cameo-vins-afrique-du-sud\/#breadcrumb\",\"itemListElement\":[{\"@type\":\"ListItem\",\"position\":1,\"name\":\"Accueil\",\"item\":\"https:\/\/continentduvin.fr\/importateur-de-vin-du-monde\/\"},{\"@type\":\"ListItem\",\"position\":2,\"name\":\"Post House Cam\u00e9o &#8211; Vins Sud Africain\"}]},{\"@type\":\"WebSite\",\"@id\":\"https:\/\/continentduvin.fr\/importateur-de-vin-du-monde\/#website\",\"url\":\"https:\/\/continentduvin.fr\/importateur-de-vin-du-monde\/\",\"name\":\"\",\"description\":\"Importateur de Vins du Monde depuis 2004\",\"potentialAction\":[{\"@type\":\"SearchAction\",\"target\":{\"@type\":\"EntryPoint\",\"urlTemplate\":\"https:\/\/continentduvin.fr\/importateur-de-vin-du-monde\/?s={search_term_string}\"},\"query-input\":{\"@type\":\"PropertyValueSpecification\",\"valueRequired\":true,\"valueName\":\"search_term_string\"}}],\"inLanguage\":\"fr-FR\"}]}<\/script>\n<!-- \/ Yoast SEO plugin. -->","yoast_head_json":{"title":"Post House Cam\u00e9o - Vins Sud Africain -","robots":{"index":"index","follow":"follow","max-snippet":"max-snippet:-1","max-image-preview":"max-image-preview:large","max-video-preview":"max-video-preview:-1"},"canonical":"https:\/\/continentduvin.fr\/importateur-de-vin-du-monde\/post-house-cameo-vins-afrique-du-sud\/","og_locale":"fr_FR","og_type":"article","og_title":"Post House Cam\u00e9o - Vins Sud Africain -","og_description":"Cam\u00e9o &#8211; WO Stellenbosch Post House est un domaine viticole tenu par Nick Gebers sur l\u2019appellation d&rsquo;origine de Stellenbosch au c\u0153ur du vignoble sud-africain sur les contre forts de la colline d&rsquo;Helderberg. Cameo est un 100 % Chenin Blanc produit sur des graves. Le vin est jaune clair, notes de pommes, de coing et d&rsquo;agrumes. [&hellip;]","og_url":"https:\/\/continentduvin.fr\/importateur-de-vin-du-monde\/post-house-cameo-vins-afrique-du-sud\/","article_modified_time":"2025-08-26T13:57:33+00:00","og_image":[{"url":"https:\/\/continentduvin.fr\/wp-content\/uploads\/2025\/07\/CAMEO.png"}],"twitter_card":"summary_large_image","twitter_misc":{"Dur\u00e9e de lecture estim\u00e9e":"2 minutes"},"schema":{"@context":"https:\/\/schema.org","@graph":[{"@type":"WebPage","@id":"https:\/\/continentduvin.fr\/importateur-de-vin-du-monde\/post-house-cameo-vins-afrique-du-sud\/","url":"https:\/\/continentduvin.fr\/importateur-de-vin-du-monde\/post-house-cameo-vins-afrique-du-sud\/","name":"Post House Cam\u00e9o - Vins Sud Africain -","isPartOf":{"@id":"https:\/\/continentduvin.fr\/importateur-de-vin-du-monde\/#website"},"primaryImageOfPage":{"@id":"https:\/\/continentduvin.fr\/importateur-de-vin-du-monde\/post-house-cameo-vins-afrique-du-sud\/#primaryimage"},"image":{"@id":"https:\/\/continentduvin.fr\/importateur-de-vin-du-monde\/post-house-cameo-vins-afrique-du-sud\/#primaryimage"},"thumbnailUrl":"https:\/\/continentduvin.fr\/wp-content\/uploads\/2025\/07\/CAMEO.png","datePublished":"2024-02-29T13:11:33+00:00","dateModified":"2025-08-26T13:57:33+00:00","breadcrumb":{"@id":"https:\/\/continentduvin.fr\/importateur-de-vin-du-monde\/post-house-cameo-vins-afrique-du-sud\/#breadcrumb"},"inLanguage":"fr-FR","potentialAction":[{"@type":"ReadAction","target":["https:\/\/continentduvin.fr\/importateur-de-vin-du-monde\/post-house-cameo-vins-afrique-du-sud\/"]}]},{"@type":"ImageObject","inLanguage":"fr-FR","@id":"https:\/\/continentduvin.fr\/importateur-de-vin-du-monde\/post-house-cameo-vins-afrique-du-sud\/#primaryimage","url":"https:\/\/continentduvin.fr\/wp-content\/uploads\/2025\/07\/CAMEO.png","contentUrl":"https:\/\/continentduvin.fr\/wp-content\/uploads\/2025\/07\/CAMEO.png"},{"@type":"BreadcrumbList","@id":"https:\/\/continentduvin.fr\/importateur-de-vin-du-monde\/post-house-cameo-vins-afrique-du-sud\/#breadcrumb","itemListElement":[{"@type":"ListItem","position":1,"name":"Accueil","item":"https:\/\/continentduvin.fr\/importateur-de-vin-du-monde\/"},{"@type":"ListItem","position":2,"name":"Post House Cam\u00e9o &#8211; Vins Sud Africain"}]},{"@type":"WebSite","@id":"https:\/\/continentduvin.fr\/importateur-de-vin-du-monde\/#website","url":"https:\/\/continentduvin.fr\/importateur-de-vin-du-monde\/","name":"","description":"Importateur de Vins du Monde depuis 2004","potentialAction":[{"@type":"SearchAction","target":{"@type":"EntryPoint","urlTemplate":"https:\/\/continentduvin.fr\/importateur-de-vin-du-monde\/?s={search_term_string}"},"query-input":{"@type":"PropertyValueSpecification","valueRequired":true,"valueName":"search_term_string"}}],"inLanguage":"fr-FR"}]}},"_links":{"self":[{"href":"https:\/\/continentduvin.fr\/importateur-de-vin-du-monde\/wp-json\/wp\/v2\/pages\/9931"}],"collection":[{"href":"https:\/\/continentduvin.fr\/importateur-de-vin-du-monde\/wp-json\/wp\/v2\/pages"}],"about":[{"href":"https:\/\/continentduvin.fr\/importateur-de-vin-du-monde\/wp-json\/wp\/v2\/types\/page"}],"author":[{"embeddable":true,"href":"https:\/\/continentduvin.fr\/importateur-de-vin-du-monde\/wp-json\/wp\/v2\/users\/1"}],"replies":[{"embeddable":true,"href":"https:\/\/continentduvin.fr\/importateur-de-vin-du-monde\/wp-json\/wp\/v2\/comments?post=9931"}],"version-history":[{"count":6,"href":"https:\/\/continentduvin.fr\/importateur-de-vin-du-monde\/wp-json\/wp\/v2\/pages\/9931\/revisions"}],"predecessor-version":[{"id":16457,"href":"https:\/\/continentduvin.fr\/importateur-de-vin-du-monde\/wp-json\/wp\/v2\/pages\/9931\/revisions\/16457"}],"wp:attachment":[{"href":"https:\/\/continentduvin.fr\/importateur-de-vin-du-monde\/wp-json\/wp\/v2\/media?parent=9931"}],"curies":[{"name":"wp","href":"https:\/\/api.w.org\/{rel}","templated":true}]}}