{"id":9610,"date":"2024-02-29T08:47:21","date_gmt":"2024-02-29T07:47:21","guid":{"rendered":"https:\/\/continentduvin.fr\/importateur-de-vin-du-monde\/?page_id=9610"},"modified":"2025-07-23T11:04:17","modified_gmt":"2025-07-23T10:04:17","slug":"terra-pinotage-vin-afrique-du-sud","status":"publish","type":"page","link":"https:\/\/continentduvin.fr\/importateur-de-vin-du-monde\/terra-pinotage-vin-afrique-du-sud\/","title":{"rendered":"Terra Pinotage"},"content":{"rendered":"\t\t<div data-elementor-type=\"wp-page\" data-elementor-id=\"9610\" class=\"elementor elementor-9610\">\n\t\t\t\t<div class=\"elementor-element elementor-element-cda1042 e-flex e-con-boxed e-con e-parent\" data-id=\"cda1042\" data-element_type=\"container\">\n\t\t\t\t\t<div class=\"e-con-inner\">\n\t\t<div class=\"elementor-element elementor-element-cba4a53 e-con-full e-flex e-con e-child\" data-id=\"cba4a53\" data-element_type=\"container\">\n\t\t\t\t<div class=\"elementor-element elementor-element-3241206 elementor-arrows-position-inside elementor-pagination-position-outside elementor-widget elementor-widget-image-carousel\" data-id=\"3241206\" data-element_type=\"widget\" data-settings=\"{&quot;slides_to_show&quot;:&quot;1&quot;,&quot;autoplay&quot;:&quot;no&quot;,&quot;navigation&quot;:&quot;both&quot;,&quot;infinite&quot;:&quot;yes&quot;,&quot;effect&quot;:&quot;slide&quot;,&quot;speed&quot;:500}\" data-widget_type=\"image-carousel.default\">\n\t\t\t\t<div class=\"elementor-widget-container\">\n\t\t\t\t\t\t\t<div class=\"elementor-image-carousel-wrapper swiper\" role=\"region\" aria-roledescription=\"carousel\" aria-label=\"Carrousel d\u2019images\" dir=\"ltr\">\n\t\t\t<div class=\"elementor-image-carousel swiper-wrapper\" aria-live=\"polite\">\n\t\t\t\t\t\t\t\t<div class=\"swiper-slide\" role=\"group\" aria-roledescription=\"slide\" aria-label=\"1 sur 1\"><figure class=\"swiper-slide-inner\"><img decoding=\"async\" class=\"swiper-slide-image\" src=\"https:\/\/continentduvin.fr\/wp-content\/uploads\/2025\/07\/TERRA.png\" alt=\"TERRA\" \/><\/figure><\/div>\t\t\t<\/div>\n\t\t\t\t\t<\/div>\n\t\t\t\t\t\t<\/div>\n\t\t\t\t<\/div>\n\t\t\t\t<\/div>\n\t\t<div class=\"elementor-element elementor-element-95b78ed e-con-full e-flex e-con e-child\" data-id=\"95b78ed\" data-element_type=\"container\">\n\t\t\t\t<div class=\"elementor-element elementor-element-dd82615 elementor-widget elementor-widget-heading\" data-id=\"dd82615\" data-element_type=\"widget\" data-widget_type=\"heading.default\">\n\t\t\t\t<div class=\"elementor-widget-container\">\n\t\t\t\t\t<h2 class=\"elementor-heading-title elementor-size-default\"><font color=\"#000000\">Terra - Pinotage - WO Stellenbosch<\/font><\/h2>\t\t\t\t<\/div>\n\t\t\t\t<\/div>\n\t\t\t\t<div class=\"elementor-element elementor-element-9c1a735 elementor-widget elementor-widget-text-editor\" data-id=\"9c1a735\" data-element_type=\"widget\" data-widget_type=\"text-editor.default\">\n\t\t\t\t<div class=\"elementor-widget-container\">\n\t\t\t\t\t\t\t\t\t<p lang=\"fr-FR\">Terra est issu d&rsquo;un travail de longue date entre <strong>Continent du Vin<\/strong> par l&rsquo;interm\u00e9diaire de David et diff\u00e9rents <strong>vignerons Sud-Africains<\/strong> qui nous font le plaisir de collaborer avec nous. <br \/>L&rsquo;id\u00e9e est de travailler sur des <strong>assemblages \u00ab\u00a0maisons\u00a0\u00bb<\/strong> avec toujours la m\u00eame ligne directrice : <strong>combiner l&rsquo;expression des terroirs de Stellenbosch<\/strong> et l&rsquo;art de <strong>\u00ab\u00a0boire\u00a0\u00bb \u00e0 la fran\u00e7aise !<\/strong> Terra, c&rsquo;est aussi un concept \u00e0 travers le nom et l&rsquo;\u00e9tiquette. Cette <strong>\u00e9tiquette<\/strong> repr\u00e9sente en <strong>arri\u00e8re plan la Table Mountain<\/strong>, symbole de la grandeur de la <strong>ville du Cap<\/strong>. Et en premier plan une <strong>fleur et un papillon<\/strong> qui font echo au classement par <strong>l&rsquo;UNESCO de la r\u00e9gion<\/strong> de production au patrimoine mondial de la Biodiversit\u00e9.<\/p>\t\t\t\t\t\t\t\t<\/div>\n\t\t\t\t<\/div>\n\t\t\t\t<div class=\"elementor-element elementor-element-719a846 elementor-widget elementor-widget-button\" data-id=\"719a846\" data-element_type=\"widget\" data-widget_type=\"button.default\">\n\t\t\t\t<div class=\"elementor-widget-container\">\n\t\t\t\t\t\t\t\t\t<div class=\"elementor-button-wrapper\">\n\t\t\t\t\t<a class=\"elementor-button elementor-button-link elementor-size-sm elementor-animation-grow\" href=\"https:\/\/continentduvin.fr\/wp-content\/uploads\/2024\/12\/Terra-Pinotage.pdf\" target=\"_blank\">\n\t\t\t\t\t\t<span class=\"elementor-button-content-wrapper\">\n\t\t\t\t\t\t\t\t\t<span class=\"elementor-button-text\">T\u00e9l\u00e9chargez la fiche technique<\/span>\n\t\t\t\t\t<\/span>\n\t\t\t\t\t<\/a>\n\t\t\t\t<\/div>\n\t\t\t\t\t\t\t\t<\/div>\n\t\t\t\t<\/div>\n\t\t\t\t<div class=\"elementor-element elementor-element-2510004 elementor-widget__width-initial elementor-absolute elementor-widget elementor-widget-image\" data-id=\"2510004\" data-element_type=\"widget\" data-settings=\"{&quot;_position&quot;:&quot;absolute&quot;}\" data-widget_type=\"image.default\">\n\t\t\t\t<div class=\"elementor-widget-container\">\n\t\t\t\t\t\t\t\t\t\t\t\t\t\t\t<img fetchpriority=\"high\" decoding=\"async\" width=\"1024\" height=\"637\" src=\"https:\/\/continentduvin.fr\/wp-content\/uploads\/2024\/04\/Sans-titre-2-03-1024x637.png\" class=\"attachment-large size-large wp-image-11613\" alt=\"\" srcset=\"https:\/\/continentduvin.fr\/wp-content\/uploads\/2024\/04\/Sans-titre-2-03-1024x637.png 1024w, https:\/\/continentduvin.fr\/wp-content\/uploads\/2024\/04\/Sans-titre-2-03-300x187.png 300w, https:\/\/continentduvin.fr\/wp-content\/uploads\/2024\/04\/Sans-titre-2-03-768x477.png 768w, https:\/\/continentduvin.fr\/wp-content\/uploads\/2024\/04\/Sans-titre-2-03.png 1200w\" sizes=\"(max-width: 1024px) 100vw, 1024px\" \/>\t\t\t\t\t\t\t\t\t\t\t\t\t\t\t<\/div>\n\t\t\t\t<\/div>\n\t\t\t\t<\/div>\n\t\t\t\t\t<\/div>\n\t\t\t\t<\/div>\n\t\t<div class=\"elementor-element elementor-element-a9aca04 e-flex e-con-boxed e-con e-parent\" data-id=\"a9aca04\" data-element_type=\"container\">\n\t\t\t\t\t<div class=\"e-con-inner\">\n\t\t\t\t<div class=\"elementor-element elementor-element-27de8b9 elementor-widget-divider--view-line elementor-widget elementor-widget-divider\" data-id=\"27de8b9\" data-element_type=\"widget\" data-widget_type=\"divider.default\">\n\t\t\t\t<div class=\"elementor-widget-container\">\n\t\t\t\t\t\t\t<div class=\"elementor-divider\">\n\t\t\t<span class=\"elementor-divider-separator\">\n\t\t\t\t\t\t<\/span>\n\t\t<\/div>\n\t\t\t\t\t\t<\/div>\n\t\t\t\t<\/div>\n\t\t\t\t\t<\/div>\n\t\t\t\t<\/div>\n\t\t<div class=\"elementor-element elementor-element-25e4ebd e-flex e-con-boxed e-con e-parent\" data-id=\"25e4ebd\" data-element_type=\"container\">\n\t\t\t\t\t<div class=\"e-con-inner\">\n\t\t<div class=\"elementor-element elementor-element-3cf40ba e-con-full e-flex e-con e-child\" data-id=\"3cf40ba\" data-element_type=\"container\">\n\t\t\t\t<div class=\"elementor-element elementor-element-d3c0019 elementor-widget elementor-widget-heading\" data-id=\"d3c0019\" data-element_type=\"widget\" data-widget_type=\"heading.default\">\n\t\t\t\t<div class=\"elementor-widget-container\">\n\t\t\t\t\t<h2 class=\"elementor-heading-title elementor-size-default\">Pour toutes vos question ou pour nous contacter, veuillez remplir ce formulaire<\/h2>\t\t\t\t<\/div>\n\t\t\t\t<\/div>\n\t\t\t\t<div class=\"elementor-element elementor-element-f2f759f elementor-button-align-stretch elementor-widget elementor-widget-form\" data-id=\"f2f759f\" data-element_type=\"widget\" data-settings=\"{&quot;step_next_label&quot;:&quot;Next&quot;,&quot;step_previous_label&quot;:&quot;Previous&quot;,&quot;button_width&quot;:&quot;100&quot;,&quot;step_type&quot;:&quot;number_text&quot;,&quot;step_icon_shape&quot;:&quot;circle&quot;}\" data-widget_type=\"form.default\">\n\t\t\t\t<div class=\"elementor-widget-container\">\n\t\t\t\t\t\t\t<form class=\"elementor-form\" method=\"post\" name=\"New Form\">\n\t\t\t<input type=\"hidden\" name=\"post_id\" value=\"9610\"\/>\n\t\t\t<input type=\"hidden\" name=\"form_id\" value=\"f2f759f\"\/>\n\t\t\t<input type=\"hidden\" name=\"referer_title\" value=\"\" \/>\n\n\t\t\t\n\t\t\t<div class=\"elementor-form-fields-wrapper elementor-labels-above\">\n\t\t\t\t\t\t\t\t<div class=\"elementor-field-type-text elementor-field-group elementor-column elementor-field-group-name elementor-col-100\">\n\t\t\t\t\t\t\t\t\t\t\t\t<label for=\"form-field-name\" class=\"elementor-field-label\">\n\t\t\t\t\t\t\t\tNom Pr\u00e9nom\t\t\t\t\t\t\t<\/label>\n\t\t\t\t\t\t\t\t\t\t\t\t\t\t<input size=\"1\" type=\"text\" name=\"form_fields[name]\" id=\"form-field-name\" class=\"elementor-field elementor-size-sm  elementor-field-textual\" placeholder=\"Nom Pr\u00e9nom\">\n\t\t\t\t\t\t\t\t\t\t\t<\/div>\n\t\t\t\t\t\t\t\t<div class=\"elementor-field-type-email elementor-field-group elementor-column elementor-field-group-email elementor-col-100 elementor-field-required\">\n\t\t\t\t\t\t\t\t\t\t\t\t<label for=\"form-field-email\" class=\"elementor-field-label\">\n\t\t\t\t\t\t\t\tEmail\t\t\t\t\t\t\t<\/label>\n\t\t\t\t\t\t\t\t\t\t\t\t\t\t<input size=\"1\" type=\"email\" name=\"form_fields[email]\" id=\"form-field-email\" class=\"elementor-field elementor-size-sm  elementor-field-textual\" placeholder=\"Email\" required=\"required\" aria-required=\"true\">\n\t\t\t\t\t\t\t\t\t\t\t<\/div>\n\t\t\t\t\t\t\t\t<div class=\"elementor-field-type-textarea elementor-field-group elementor-column elementor-field-group-message elementor-col-100\">\n\t\t\t\t\t\t\t\t\t\t\t\t<label for=\"form-field-message\" class=\"elementor-field-label\">\n\t\t\t\t\t\t\t\tMessage\t\t\t\t\t\t\t<\/label>\n\t\t\t\t\t\t<textarea class=\"elementor-field-textual elementor-field  elementor-size-sm\" name=\"form_fields[message]\" id=\"form-field-message\" rows=\"4\" placeholder=\"Message\"><\/textarea>\t\t\t\t<\/div>\n\t\t\t\t\t\t\t\t<div class=\"elementor-field-type-recaptcha_v3 elementor-field-group elementor-column elementor-field-group-field_7bae0f1 elementor-col-100 recaptcha_v3-bottomright\">\n\t\t\t\t\t<div class=\"elementor-field\" id=\"form-field-field_7bae0f1\"><div class=\"elementor-g-recaptcha\" data-sitekey=\"6Lcoq0wqAAAAAIrFMkl6wJ73w31jG70dUBy1io2L\" data-type=\"v3\" data-action=\"Form\" data-badge=\"bottomright\" data-size=\"invisible\"><\/div><\/div>\t\t\t\t<\/div>\n\t\t\t\t\t\t\t\t<div class=\"elementor-field-group elementor-column elementor-field-type-submit elementor-col-100 e-form__buttons\">\n\t\t\t\t\t<button type=\"submit\" class=\"elementor-button elementor-size-sm\">\n\t\t\t\t\t\t<span >\n\t\t\t\t\t\t\t\t\t\t\t\t\t\t\t<span class=\" elementor-button-icon\">\n\t\t\t\t\t\t\t\t\t\t\t\t\t\t\t\t\t\t\t\t\t\t\t\t\t\t<\/span>\n\t\t\t\t\t\t\t\t\t\t\t\t\t\t\t\t\t\t\t\t\t\t<span class=\"elementor-button-text\">Envoyer<\/span>\n\t\t\t\t\t\t\t\t\t\t\t\t\t<\/span>\n\t\t\t\t\t<\/button>\n\t\t\t\t<\/div>\n\t\t\t<\/div>\n\t\t<\/form>\n\t\t\t\t\t\t<\/div>\n\t\t\t\t<\/div>\n\t\t\t\t<\/div>\n\t\t<div class=\"elementor-element elementor-element-e2cc91b e-con-full e-flex e-con e-child\" data-id=\"e2cc91b\" data-element_type=\"container\">\n\t\t<div class=\"elementor-element elementor-element-522076b e-flex e-con-boxed e-con e-child\" data-id=\"522076b\" data-element_type=\"container\">\n\t\t\t\t\t<div class=\"e-con-inner\">\n\t\t\t\t<div class=\"elementor-element elementor-element-98e6065 elementor-widget elementor-widget-google_maps\" data-id=\"98e6065\" data-element_type=\"widget\" data-widget_type=\"google_maps.default\">\n\t\t\t\t<div class=\"elementor-widget-container\">\n\t\t\t\t\t\t\t<div class=\"elementor-custom-embed\">\n\t\t\t<iframe loading=\"lazy\"\n\t\t\t\t\tsrc=\"https:\/\/maps.google.com\/maps?q=LE%20PINIER%20%2044690%20CHATEAU-THEBAUD&#038;t=m&#038;z=10&#038;output=embed&#038;iwloc=near\"\n\t\t\t\t\ttitle=\"LE PINIER  44690 CHATEAU-THEBAUD\"\n\t\t\t\t\taria-label=\"LE PINIER  44690 CHATEAU-THEBAUD\"\n\t\t\t><\/iframe>\n\t\t<\/div>\n\t\t\t\t\t\t<\/div>\n\t\t\t\t<\/div>\n\t\t\t\t<div class=\"elementor-element elementor-element-536db93 elementor-widget elementor-widget-text-editor\" data-id=\"536db93\" data-element_type=\"widget\" data-widget_type=\"text-editor.default\">\n\t\t\t\t<div class=\"elementor-widget-container\">\n\t\t\t\t\t\t\t\t\t<p>Tel : <a href=\"tel:0240656253\" target=\"_blank\" rel=\"noopener\">02.40.65.62.53<\/a><\/p>\t\t\t\t\t\t\t\t<\/div>\n\t\t\t\t<\/div>\n\t\t\t\t<div class=\"elementor-element elementor-element-9d6714a elementor-widget elementor-widget-text-editor\" data-id=\"9d6714a\" data-element_type=\"widget\" data-widget_type=\"text-editor.default\">\n\t\t\t\t<div class=\"elementor-widget-container\">\n\t\t\t\t\t\t\t\t\t<p>Mail : <a href=\"mailto:continentduvin@gmail.com\" target=\"_blank\" rel=\"noopener\">continentduvin@gmail.com<\/a><\/p>\t\t\t\t\t\t\t\t<\/div>\n\t\t\t\t<\/div>\n\t\t\t\t<div class=\"elementor-element elementor-element-09f2658 elementor-shape-circle e-grid-align-left elementor-grid-0 elementor-widget elementor-widget-social-icons\" data-id=\"09f2658\" data-element_type=\"widget\" data-widget_type=\"social-icons.default\">\n\t\t\t\t<div class=\"elementor-widget-container\">\n\t\t\t\t\t\t\t<div class=\"elementor-social-icons-wrapper elementor-grid\">\n\t\t\t\t\t\t\t<span class=\"elementor-grid-item\">\n\t\t\t\t\t<a class=\"elementor-icon elementor-social-icon elementor-social-icon-facebook elementor-repeater-item-fad1eeb\" href=\"https:\/\/www.facebook.com\/ContinentDuVin\" target=\"_blank\">\n\t\t\t\t\t\t<span class=\"elementor-screen-only\">Facebook<\/span>\n\t\t\t\t\t\t<i class=\"fab fa-facebook\"><\/i>\t\t\t\t\t<\/a>\n\t\t\t\t<\/span>\n\t\t\t\t\t\t\t<span class=\"elementor-grid-item\">\n\t\t\t\t\t<a class=\"elementor-icon elementor-social-icon elementor-social-icon-instagram elementor-repeater-item-f51421e\" href=\"https:\/\/www.instagram.com\/continent_du_vin\/\" target=\"_blank\">\n\t\t\t\t\t\t<span class=\"elementor-screen-only\">Instagram<\/span>\n\t\t\t\t\t\t<i class=\"fab fa-instagram\"><\/i>\t\t\t\t\t<\/a>\n\t\t\t\t<\/span>\n\t\t\t\t\t<\/div>\n\t\t\t\t\t\t<\/div>\n\t\t\t\t<\/div>\n\t\t\t\t\t<\/div>\n\t\t\t\t<\/div>\n\t\t<div class=\"elementor-element elementor-element-f4b3289 e-flex e-con-boxed e-con e-child\" data-id=\"f4b3289\" data-element_type=\"container\">\n\t\t\t\t\t<div class=\"e-con-inner\">\n\t\t\t\t<div class=\"elementor-element elementor-element-6702ac4 elementor-widget elementor-widget-text-editor\" data-id=\"6702ac4\" data-element_type=\"widget\" data-widget_type=\"text-editor.default\">\n\t\t\t\t<div class=\"elementor-widget-container\">\n\t\t\t\t\t\t\t\t\t<p>L&rsquo;abus d&rsquo;alcool est dangereux pour la sant\u00e9. A consommer avec mod\u00e9ration<\/p>\t\t\t\t\t\t\t\t<\/div>\n\t\t\t\t<\/div>\n\t\t\t\t\t<\/div>\n\t\t\t\t<\/div>\n\t\t\t\t<\/div>\n\t\t\t\t\t<\/div>\n\t\t\t\t<\/div>\n\t\t\t\t<\/div>\n\t\t","protected":false},"excerpt":{"rendered":"<p>Terra &#8211; Pinotage &#8211; WO Stellenbosch Terra est issu d&rsquo;un travail de longue date entre Continent du Vin par l&rsquo;interm\u00e9diaire de David et diff\u00e9rents vignerons Sud-Africains qui nous font le plaisir de collaborer avec nous. L&rsquo;id\u00e9e est de travailler sur des assemblages \u00ab\u00a0maisons\u00a0\u00bb avec toujours la m\u00eame ligne directrice : combiner l&rsquo;expression des terroirs de [&hellip;]<\/p>\n","protected":false},"author":1,"featured_media":0,"parent":0,"menu_order":0,"comment_status":"closed","ping_status":"closed","template":"","meta":{"_lmt_disableupdate":"no","_lmt_disable":"","site-sidebar-layout":"no-sidebar","site-content-layout":"page-builder","ast-site-content-layout":"full-width-container","site-content-style":"default","site-sidebar-style":"default","ast-global-header-display":"","ast-banner-title-visibility":"","ast-main-header-display":"","ast-hfb-above-header-display":"","ast-hfb-below-header-display":"","ast-hfb-mobile-header-display":"","site-post-title":"disabled","ast-breadcrumbs-content":"","ast-featured-img":"disabled","footer-sml-layout":"","theme-transparent-header-meta":"","adv-header-id-meta":"","stick-header-meta":"","header-above-stick-meta":"","header-main-stick-meta":"","header-below-stick-meta":"","astra-migrate-meta-layouts":"set","ast-page-background-enabled":"default","ast-page-background-meta":{"desktop":{"background-color":"","background-image":"","background-repeat":"repeat","background-position":"center center","background-size":"auto","background-attachment":"scroll","background-type":"","background-media":"","overlay-type":"","overlay-color":"","overlay-gradient":""},"tablet":{"background-color":"","background-image":"","background-repeat":"repeat","background-position":"center center","background-size":"auto","background-attachment":"scroll","background-type":"","background-media":"","overlay-type":"","overlay-color":"","overlay-gradient":""},"mobile":{"background-color":"","background-image":"","background-repeat":"repeat","background-position":"center center","background-size":"auto","background-attachment":"scroll","background-type":"","background-media":"","overlay-type":"","overlay-color":"","overlay-gradient":""}},"ast-content-background-meta":{"desktop":{"background-color":"var(--ast-global-color-5)","background-image":"","background-repeat":"repeat","background-position":"center center","background-size":"auto","background-attachment":"scroll","background-type":"","background-media":"","overlay-type":"","overlay-color":"","overlay-gradient":""},"tablet":{"background-color":"var(--ast-global-color-5)","background-image":"","background-repeat":"repeat","background-position":"center center","background-size":"auto","background-attachment":"scroll","background-type":"","background-media":"","overlay-type":"","overlay-color":"","overlay-gradient":""},"mobile":{"background-color":"var(--ast-global-color-5)","background-image":"","background-repeat":"repeat","background-position":"center center","background-size":"auto","background-attachment":"scroll","background-type":"","background-media":"","overlay-type":"","overlay-color":"","overlay-gradient":""}},"footnotes":""},"yoast_head":"<!-- This site is optimized with the Yoast SEO plugin v23.5 - https:\/\/yoast.com\/wordpress\/plugins\/seo\/ -->\n<title>Terra Pinotage -<\/title>\n<meta name=\"robots\" content=\"index, follow, max-snippet:-1, max-image-preview:large, max-video-preview:-1\" \/>\n<link rel=\"canonical\" href=\"https:\/\/continentduvin.fr\/importateur-de-vin-du-monde\/terra-pinotage-vin-afrique-du-sud\/\" \/>\n<meta property=\"og:locale\" content=\"fr_FR\" \/>\n<meta property=\"og:type\" content=\"article\" \/>\n<meta property=\"og:title\" content=\"Terra Pinotage -\" \/>\n<meta property=\"og:description\" content=\"Terra &#8211; Pinotage &#8211; WO Stellenbosch Terra est issu d&rsquo;un travail de longue date entre Continent du Vin par l&rsquo;interm\u00e9diaire de David et diff\u00e9rents vignerons Sud-Africains qui nous font le plaisir de collaborer avec nous. L&rsquo;id\u00e9e est de travailler sur des assemblages \u00ab\u00a0maisons\u00a0\u00bb avec toujours la m\u00eame ligne directrice : combiner l&rsquo;expression des terroirs de [&hellip;]\" \/>\n<meta property=\"og:url\" content=\"https:\/\/continentduvin.fr\/importateur-de-vin-du-monde\/terra-pinotage-vin-afrique-du-sud\/\" \/>\n<meta property=\"article:modified_time\" content=\"2025-07-23T10:04:17+00:00\" \/>\n<meta property=\"og:image\" content=\"https:\/\/continentduvin.fr\/wp-content\/uploads\/2025\/07\/TERRA.png\" \/>\n<meta name=\"twitter:card\" content=\"summary_large_image\" \/>\n<meta name=\"twitter:label1\" content=\"Dur\u00e9e de lecture estim\u00e9e\" \/>\n\t<meta name=\"twitter:data1\" content=\"2 minutes\" \/>\n<script type=\"application\/ld+json\" class=\"yoast-schema-graph\">{\"@context\":\"https:\/\/schema.org\",\"@graph\":[{\"@type\":\"WebPage\",\"@id\":\"https:\/\/continentduvin.fr\/importateur-de-vin-du-monde\/terra-pinotage-vin-afrique-du-sud\/\",\"url\":\"https:\/\/continentduvin.fr\/importateur-de-vin-du-monde\/terra-pinotage-vin-afrique-du-sud\/\",\"name\":\"Terra Pinotage -\",\"isPartOf\":{\"@id\":\"https:\/\/continentduvin.fr\/importateur-de-vin-du-monde\/#website\"},\"primaryImageOfPage\":{\"@id\":\"https:\/\/continentduvin.fr\/importateur-de-vin-du-monde\/terra-pinotage-vin-afrique-du-sud\/#primaryimage\"},\"image\":{\"@id\":\"https:\/\/continentduvin.fr\/importateur-de-vin-du-monde\/terra-pinotage-vin-afrique-du-sud\/#primaryimage\"},\"thumbnailUrl\":\"https:\/\/continentduvin.fr\/wp-content\/uploads\/2025\/07\/TERRA.png\",\"datePublished\":\"2024-02-29T07:47:21+00:00\",\"dateModified\":\"2025-07-23T10:04:17+00:00\",\"breadcrumb\":{\"@id\":\"https:\/\/continentduvin.fr\/importateur-de-vin-du-monde\/terra-pinotage-vin-afrique-du-sud\/#breadcrumb\"},\"inLanguage\":\"fr-FR\",\"potentialAction\":[{\"@type\":\"ReadAction\",\"target\":[\"https:\/\/continentduvin.fr\/importateur-de-vin-du-monde\/terra-pinotage-vin-afrique-du-sud\/\"]}]},{\"@type\":\"ImageObject\",\"inLanguage\":\"fr-FR\",\"@id\":\"https:\/\/continentduvin.fr\/importateur-de-vin-du-monde\/terra-pinotage-vin-afrique-du-sud\/#primaryimage\",\"url\":\"https:\/\/continentduvin.fr\/wp-content\/uploads\/2025\/07\/TERRA.png\",\"contentUrl\":\"https:\/\/continentduvin.fr\/wp-content\/uploads\/2025\/07\/TERRA.png\"},{\"@type\":\"BreadcrumbList\",\"@id\":\"https:\/\/continentduvin.fr\/importateur-de-vin-du-monde\/terra-pinotage-vin-afrique-du-sud\/#breadcrumb\",\"itemListElement\":[{\"@type\":\"ListItem\",\"position\":1,\"name\":\"Accueil\",\"item\":\"https:\/\/continentduvin.fr\/importateur-de-vin-du-monde\/\"},{\"@type\":\"ListItem\",\"position\":2,\"name\":\"Terra Pinotage\"}]},{\"@type\":\"WebSite\",\"@id\":\"https:\/\/continentduvin.fr\/importateur-de-vin-du-monde\/#website\",\"url\":\"https:\/\/continentduvin.fr\/importateur-de-vin-du-monde\/\",\"name\":\"\",\"description\":\"Importateur de Vins du Monde depuis 2004\",\"potentialAction\":[{\"@type\":\"SearchAction\",\"target\":{\"@type\":\"EntryPoint\",\"urlTemplate\":\"https:\/\/continentduvin.fr\/importateur-de-vin-du-monde\/?s={search_term_string}\"},\"query-input\":{\"@type\":\"PropertyValueSpecification\",\"valueRequired\":true,\"valueName\":\"search_term_string\"}}],\"inLanguage\":\"fr-FR\"}]}<\/script>\n<!-- \/ Yoast SEO plugin. -->","yoast_head_json":{"title":"Terra Pinotage -","robots":{"index":"index","follow":"follow","max-snippet":"max-snippet:-1","max-image-preview":"max-image-preview:large","max-video-preview":"max-video-preview:-1"},"canonical":"https:\/\/continentduvin.fr\/importateur-de-vin-du-monde\/terra-pinotage-vin-afrique-du-sud\/","og_locale":"fr_FR","og_type":"article","og_title":"Terra Pinotage -","og_description":"Terra &#8211; Pinotage &#8211; WO Stellenbosch Terra est issu d&rsquo;un travail de longue date entre Continent du Vin par l&rsquo;interm\u00e9diaire de David et diff\u00e9rents vignerons Sud-Africains qui nous font le plaisir de collaborer avec nous. L&rsquo;id\u00e9e est de travailler sur des assemblages \u00ab\u00a0maisons\u00a0\u00bb avec toujours la m\u00eame ligne directrice : combiner l&rsquo;expression des terroirs de [&hellip;]","og_url":"https:\/\/continentduvin.fr\/importateur-de-vin-du-monde\/terra-pinotage-vin-afrique-du-sud\/","article_modified_time":"2025-07-23T10:04:17+00:00","og_image":[{"url":"https:\/\/continentduvin.fr\/wp-content\/uploads\/2025\/07\/TERRA.png"}],"twitter_card":"summary_large_image","twitter_misc":{"Dur\u00e9e de lecture estim\u00e9e":"2 minutes"},"schema":{"@context":"https:\/\/schema.org","@graph":[{"@type":"WebPage","@id":"https:\/\/continentduvin.fr\/importateur-de-vin-du-monde\/terra-pinotage-vin-afrique-du-sud\/","url":"https:\/\/continentduvin.fr\/importateur-de-vin-du-monde\/terra-pinotage-vin-afrique-du-sud\/","name":"Terra Pinotage -","isPartOf":{"@id":"https:\/\/continentduvin.fr\/importateur-de-vin-du-monde\/#website"},"primaryImageOfPage":{"@id":"https:\/\/continentduvin.fr\/importateur-de-vin-du-monde\/terra-pinotage-vin-afrique-du-sud\/#primaryimage"},"image":{"@id":"https:\/\/continentduvin.fr\/importateur-de-vin-du-monde\/terra-pinotage-vin-afrique-du-sud\/#primaryimage"},"thumbnailUrl":"https:\/\/continentduvin.fr\/wp-content\/uploads\/2025\/07\/TERRA.png","datePublished":"2024-02-29T07:47:21+00:00","dateModified":"2025-07-23T10:04:17+00:00","breadcrumb":{"@id":"https:\/\/continentduvin.fr\/importateur-de-vin-du-monde\/terra-pinotage-vin-afrique-du-sud\/#breadcrumb"},"inLanguage":"fr-FR","potentialAction":[{"@type":"ReadAction","target":["https:\/\/continentduvin.fr\/importateur-de-vin-du-monde\/terra-pinotage-vin-afrique-du-sud\/"]}]},{"@type":"ImageObject","inLanguage":"fr-FR","@id":"https:\/\/continentduvin.fr\/importateur-de-vin-du-monde\/terra-pinotage-vin-afrique-du-sud\/#primaryimage","url":"https:\/\/continentduvin.fr\/wp-content\/uploads\/2025\/07\/TERRA.png","contentUrl":"https:\/\/continentduvin.fr\/wp-content\/uploads\/2025\/07\/TERRA.png"},{"@type":"BreadcrumbList","@id":"https:\/\/continentduvin.fr\/importateur-de-vin-du-monde\/terra-pinotage-vin-afrique-du-sud\/#breadcrumb","itemListElement":[{"@type":"ListItem","position":1,"name":"Accueil","item":"https:\/\/continentduvin.fr\/importateur-de-vin-du-monde\/"},{"@type":"ListItem","position":2,"name":"Terra Pinotage"}]},{"@type":"WebSite","@id":"https:\/\/continentduvin.fr\/importateur-de-vin-du-monde\/#website","url":"https:\/\/continentduvin.fr\/importateur-de-vin-du-monde\/","name":"","description":"Importateur de Vins du Monde depuis 2004","potentialAction":[{"@type":"SearchAction","target":{"@type":"EntryPoint","urlTemplate":"https:\/\/continentduvin.fr\/importateur-de-vin-du-monde\/?s={search_term_string}"},"query-input":{"@type":"PropertyValueSpecification","valueRequired":true,"valueName":"search_term_string"}}],"inLanguage":"fr-FR"}]}},"_links":{"self":[{"href":"https:\/\/continentduvin.fr\/importateur-de-vin-du-monde\/wp-json\/wp\/v2\/pages\/9610"}],"collection":[{"href":"https:\/\/continentduvin.fr\/importateur-de-vin-du-monde\/wp-json\/wp\/v2\/pages"}],"about":[{"href":"https:\/\/continentduvin.fr\/importateur-de-vin-du-monde\/wp-json\/wp\/v2\/types\/page"}],"author":[{"embeddable":true,"href":"https:\/\/continentduvin.fr\/importateur-de-vin-du-monde\/wp-json\/wp\/v2\/users\/1"}],"replies":[{"embeddable":true,"href":"https:\/\/continentduvin.fr\/importateur-de-vin-du-monde\/wp-json\/wp\/v2\/comments?post=9610"}],"version-history":[{"count":9,"href":"https:\/\/continentduvin.fr\/importateur-de-vin-du-monde\/wp-json\/wp\/v2\/pages\/9610\/revisions"}],"predecessor-version":[{"id":16295,"href":"https:\/\/continentduvin.fr\/importateur-de-vin-du-monde\/wp-json\/wp\/v2\/pages\/9610\/revisions\/16295"}],"wp:attachment":[{"href":"https:\/\/continentduvin.fr\/importateur-de-vin-du-monde\/wp-json\/wp\/v2\/media?parent=9610"}],"curies":[{"name":"wp","href":"https:\/\/api.w.org\/{rel}","templated":true}]}}