{"id":15317,"date":"2024-12-03T15:29:02","date_gmt":"2024-12-03T14:29:02","guid":{"rendered":"https:\/\/continentduvin.fr\/importateur-de-vin-du-monde\/?page_id=15317"},"modified":"2024-12-10T15:16:50","modified_gmt":"2024-12-10T14:16:50","slug":"flor-de-penalva-adega-de-penalva-dao-rouge-portugal","status":"publish","type":"page","link":"https:\/\/continentduvin.fr\/importateur-de-vin-du-monde\/flor-de-penalva-adega-de-penalva-dao-rouge-portugal\/","title":{"rendered":"FLOR DE PENALVA \u2013 Adega de Penalva &#8211; Dao Rouge &#8211; Portugal"},"content":{"rendered":"\t\t<div data-elementor-type=\"wp-page\" data-elementor-id=\"15317\" class=\"elementor elementor-15317\">\n\t\t\t\t<div class=\"elementor-element elementor-element-5576f3d e-flex e-con-boxed e-con e-parent\" data-id=\"5576f3d\" data-element_type=\"container\">\n\t\t\t\t\t<div class=\"e-con-inner\">\n\t\t<div class=\"elementor-element elementor-element-dd00354 e-con-full e-flex e-con e-child\" data-id=\"dd00354\" data-element_type=\"container\">\n\t\t\t\t<div class=\"elementor-element elementor-element-8710261 elementor-arrows-position-inside elementor-pagination-position-outside elementor-widget elementor-widget-image-carousel\" data-id=\"8710261\" data-element_type=\"widget\" data-settings=\"{&quot;slides_to_show&quot;:&quot;1&quot;,&quot;autoplay&quot;:&quot;no&quot;,&quot;navigation&quot;:&quot;both&quot;,&quot;infinite&quot;:&quot;yes&quot;,&quot;effect&quot;:&quot;slide&quot;,&quot;speed&quot;:500}\" data-widget_type=\"image-carousel.default\">\n\t\t\t\t<div class=\"elementor-widget-container\">\n\t\t\t\t\t\t\t<div class=\"elementor-image-carousel-wrapper swiper\" role=\"region\" aria-roledescription=\"carousel\" aria-label=\"Carrousel d\u2019images\" dir=\"ltr\">\n\t\t\t<div class=\"elementor-image-carousel swiper-wrapper\" aria-live=\"polite\">\n\t\t\t\t\t\t\t\t<div class=\"swiper-slide\" role=\"group\" aria-roledescription=\"slide\" aria-label=\"1 sur 1\"><figure class=\"swiper-slide-inner\"><img decoding=\"async\" class=\"swiper-slide-image\" src=\"https:\/\/continentduvin.fr\/wp-content\/uploads\/2024\/12\/flor-de-penalva-2.jpg\" alt=\"flor de penalva\" \/><\/figure><\/div>\t\t\t<\/div>\n\t\t\t\t\t<\/div>\n\t\t\t\t\t\t<\/div>\n\t\t\t\t<\/div>\n\t\t\t\t<\/div>\n\t\t<div class=\"elementor-element elementor-element-6cd4806 e-con-full e-flex e-con e-child\" data-id=\"6cd4806\" data-element_type=\"container\">\n\t\t\t\t<div class=\"elementor-element elementor-element-23bb3b9 elementor-widget elementor-widget-heading\" data-id=\"23bb3b9\" data-element_type=\"widget\" data-widget_type=\"heading.default\">\n\t\t\t\t<div class=\"elementor-widget-container\">\n\t\t\t\t\t<h2 class=\"elementor-heading-title elementor-size-default\"><font color=\"#000000\">FLOR DE PENALVA \u2013 Adega de Penalva - Dao Rouge - Portugal<\/font><\/h2>\t\t\t\t<\/div>\n\t\t\t\t<\/div>\n\t\t\t\t<div class=\"elementor-element elementor-element-9a28bda elementor-widget elementor-widget-text-editor\" data-id=\"9a28bda\" data-element_type=\"widget\" data-widget_type=\"text-editor.default\">\n\t\t\t\t<div class=\"elementor-widget-container\">\n\t\t\t\t\t\t\t\t\t<p><strong>Adega de Penalava<\/strong> est situ\u00e9 \u00e0 <strong>Penalva do Castello<\/strong> au c\u0153ur du DAO et en particulier dans la <strong>sous appellation de Castendo.<\/strong> Cette adega date des <strong>ann\u00e9es 1960<\/strong>, et est l&rsquo;une des <strong>plus connues de la r\u00e9gion.<\/strong><\/p><p>Flor de Penalva &#8211; Dao Rouge est un assemblage de <strong>Tinta Roriz et d&rsquo; Alfrocheiro et Jaen.<\/strong><\/p><p>Flor de Penalva offre ici un Dao Rouge avec une <strong>robe rubis intense brillante,<\/strong> l\u2019aromatique est nette avec des <strong>notes fruit\u00e9es d&rsquo;aiguilles de pin et des fleurs sauvages.<\/strong> En bouche, il a une <strong>bonne fra\u00eecheur, du corps, des tanins souples et une finale agr\u00e9able.<\/strong><\/p><p><!-- notionvc: 80a42952-143e-434a-8146-b4c88b11c63d --><\/p><p><!-- notionvc: fcb94b04-fa48-4180-81a1-4df187f26a30 --><\/p><p><!-- notionvc: c9fb44be-4ad8-4565-b7e4-70c133d5a787 --><\/p>\t\t\t\t\t\t\t\t<\/div>\n\t\t\t\t<\/div>\n\t\t\t\t<div class=\"elementor-element elementor-element-527531d elementor-widget elementor-widget-button\" data-id=\"527531d\" data-element_type=\"widget\" data-widget_type=\"button.default\">\n\t\t\t\t<div class=\"elementor-widget-container\">\n\t\t\t\t\t\t\t\t\t<div class=\"elementor-button-wrapper\">\n\t\t\t\t\t<a class=\"elementor-button elementor-button-link elementor-size-sm elementor-animation-grow\" href=\"https:\/\/continentduvin.fr\/wp-content\/uploads\/2024\/12\/Flor-de-Penalva.pdf\" target=\"_blank\">\n\t\t\t\t\t\t<span class=\"elementor-button-content-wrapper\">\n\t\t\t\t\t\t\t\t\t<span class=\"elementor-button-text\">T\u00e9l\u00e9chargez la fiche technique<\/span>\n\t\t\t\t\t<\/span>\n\t\t\t\t\t<\/a>\n\t\t\t\t<\/div>\n\t\t\t\t\t\t\t\t<\/div>\n\t\t\t\t<\/div>\n\t\t\t\t<div class=\"elementor-element elementor-element-66ea955 elementor-widget__width-initial elementor-absolute elementor-widget elementor-widget-image\" data-id=\"66ea955\" data-element_type=\"widget\" data-settings=\"{&quot;_position&quot;:&quot;absolute&quot;}\" data-widget_type=\"image.default\">\n\t\t\t\t<div class=\"elementor-widget-container\">\n\t\t\t\t\t\t\t\t\t\t\t\t\t\t\t<img fetchpriority=\"high\" decoding=\"async\" width=\"1024\" height=\"637\" src=\"https:\/\/continentduvin.fr\/wp-content\/uploads\/2024\/04\/Sans-titre-2-03-1024x637.png\" class=\"attachment-large size-large wp-image-11613\" alt=\"\" srcset=\"https:\/\/continentduvin.fr\/wp-content\/uploads\/2024\/04\/Sans-titre-2-03-1024x637.png 1024w, https:\/\/continentduvin.fr\/wp-content\/uploads\/2024\/04\/Sans-titre-2-03-300x187.png 300w, https:\/\/continentduvin.fr\/wp-content\/uploads\/2024\/04\/Sans-titre-2-03-768x477.png 768w, https:\/\/continentduvin.fr\/wp-content\/uploads\/2024\/04\/Sans-titre-2-03.png 1200w\" sizes=\"(max-width: 1024px) 100vw, 1024px\" \/>\t\t\t\t\t\t\t\t\t\t\t\t\t\t\t<\/div>\n\t\t\t\t<\/div>\n\t\t\t\t<\/div>\n\t\t\t\t\t<\/div>\n\t\t\t\t<\/div>\n\t\t<div class=\"elementor-element elementor-element-a11ee2b e-flex e-con-boxed e-con e-parent\" data-id=\"a11ee2b\" data-element_type=\"container\">\n\t\t\t\t\t<div class=\"e-con-inner\">\n\t\t\t\t<div class=\"elementor-element elementor-element-2dbe3e2 elementor-widget-divider--view-line elementor-widget elementor-widget-divider\" data-id=\"2dbe3e2\" data-element_type=\"widget\" data-widget_type=\"divider.default\">\n\t\t\t\t<div class=\"elementor-widget-container\">\n\t\t\t\t\t\t\t<div class=\"elementor-divider\">\n\t\t\t<span class=\"elementor-divider-separator\">\n\t\t\t\t\t\t<\/span>\n\t\t<\/div>\n\t\t\t\t\t\t<\/div>\n\t\t\t\t<\/div>\n\t\t\t\t\t<\/div>\n\t\t\t\t<\/div>\n\t\t<div class=\"elementor-element elementor-element-580e4d1 e-flex e-con-boxed e-con e-parent\" data-id=\"580e4d1\" data-element_type=\"container\">\n\t\t\t\t\t<div class=\"e-con-inner\">\n\t\t<div class=\"elementor-element elementor-element-0b2b4b5 e-con-full e-flex e-con e-child\" data-id=\"0b2b4b5\" data-element_type=\"container\">\n\t\t\t\t<div class=\"elementor-element elementor-element-60377e6 elementor-widget elementor-widget-heading\" data-id=\"60377e6\" data-element_type=\"widget\" data-widget_type=\"heading.default\">\n\t\t\t\t<div class=\"elementor-widget-container\">\n\t\t\t\t\t<h2 class=\"elementor-heading-title elementor-size-default\">Pour toutes vos question ou pour nous contacter, veuillez remplir ce formulaire<\/h2>\t\t\t\t<\/div>\n\t\t\t\t<\/div>\n\t\t\t\t<div class=\"elementor-element elementor-element-952567f elementor-button-align-stretch elementor-widget elementor-widget-form\" data-id=\"952567f\" data-element_type=\"widget\" data-settings=\"{&quot;step_next_label&quot;:&quot;Next&quot;,&quot;step_previous_label&quot;:&quot;Previous&quot;,&quot;button_width&quot;:&quot;100&quot;,&quot;step_type&quot;:&quot;number_text&quot;,&quot;step_icon_shape&quot;:&quot;circle&quot;}\" data-widget_type=\"form.default\">\n\t\t\t\t<div class=\"elementor-widget-container\">\n\t\t\t\t\t\t\t<form class=\"elementor-form\" method=\"post\" name=\"New Form\">\n\t\t\t<input type=\"hidden\" name=\"post_id\" value=\"15317\"\/>\n\t\t\t<input type=\"hidden\" name=\"form_id\" value=\"952567f\"\/>\n\t\t\t<input type=\"hidden\" name=\"referer_title\" value=\"\" \/>\n\n\t\t\t\n\t\t\t<div class=\"elementor-form-fields-wrapper elementor-labels-above\">\n\t\t\t\t\t\t\t\t<div class=\"elementor-field-type-text elementor-field-group elementor-column elementor-field-group-name elementor-col-100\">\n\t\t\t\t\t\t\t\t\t\t\t\t<label for=\"form-field-name\" class=\"elementor-field-label\">\n\t\t\t\t\t\t\t\tNom Pr\u00e9nom\t\t\t\t\t\t\t<\/label>\n\t\t\t\t\t\t\t\t\t\t\t\t\t\t<input size=\"1\" type=\"text\" name=\"form_fields[name]\" id=\"form-field-name\" class=\"elementor-field elementor-size-sm  elementor-field-textual\" placeholder=\"Nom Pr\u00e9nom\">\n\t\t\t\t\t\t\t\t\t\t\t<\/div>\n\t\t\t\t\t\t\t\t<div class=\"elementor-field-type-email elementor-field-group elementor-column elementor-field-group-email elementor-col-100 elementor-field-required\">\n\t\t\t\t\t\t\t\t\t\t\t\t<label for=\"form-field-email\" class=\"elementor-field-label\">\n\t\t\t\t\t\t\t\tEmail\t\t\t\t\t\t\t<\/label>\n\t\t\t\t\t\t\t\t\t\t\t\t\t\t<input size=\"1\" type=\"email\" name=\"form_fields[email]\" id=\"form-field-email\" class=\"elementor-field elementor-size-sm  elementor-field-textual\" placeholder=\"Email\" required=\"required\" aria-required=\"true\">\n\t\t\t\t\t\t\t\t\t\t\t<\/div>\n\t\t\t\t\t\t\t\t<div class=\"elementor-field-type-textarea elementor-field-group elementor-column elementor-field-group-message elementor-col-100\">\n\t\t\t\t\t\t\t\t\t\t\t\t<label for=\"form-field-message\" class=\"elementor-field-label\">\n\t\t\t\t\t\t\t\tMessage\t\t\t\t\t\t\t<\/label>\n\t\t\t\t\t\t<textarea class=\"elementor-field-textual elementor-field  elementor-size-sm\" name=\"form_fields[message]\" id=\"form-field-message\" rows=\"4\" placeholder=\"Message\"><\/textarea>\t\t\t\t<\/div>\n\t\t\t\t\t\t\t\t<div class=\"elementor-field-type-recaptcha_v3 elementor-field-group elementor-column elementor-field-group-field_7bae0f1 elementor-col-100 recaptcha_v3-bottomright\">\n\t\t\t\t\t<div class=\"elementor-field\" id=\"form-field-field_7bae0f1\"><div class=\"elementor-g-recaptcha\" data-sitekey=\"6Lcoq0wqAAAAAIrFMkl6wJ73w31jG70dUBy1io2L\" data-type=\"v3\" data-action=\"Form\" data-badge=\"bottomright\" data-size=\"invisible\"><\/div><\/div>\t\t\t\t<\/div>\n\t\t\t\t\t\t\t\t<div class=\"elementor-field-group elementor-column elementor-field-type-submit elementor-col-100 e-form__buttons\">\n\t\t\t\t\t<button type=\"submit\" class=\"elementor-button elementor-size-sm\">\n\t\t\t\t\t\t<span >\n\t\t\t\t\t\t\t\t\t\t\t\t\t\t\t<span class=\" elementor-button-icon\">\n\t\t\t\t\t\t\t\t\t\t\t\t\t\t\t\t\t\t\t\t\t\t\t\t\t\t<\/span>\n\t\t\t\t\t\t\t\t\t\t\t\t\t\t\t\t\t\t\t\t\t\t<span class=\"elementor-button-text\">Envoyer<\/span>\n\t\t\t\t\t\t\t\t\t\t\t\t\t<\/span>\n\t\t\t\t\t<\/button>\n\t\t\t\t<\/div>\n\t\t\t<\/div>\n\t\t<\/form>\n\t\t\t\t\t\t<\/div>\n\t\t\t\t<\/div>\n\t\t\t\t<\/div>\n\t\t<div class=\"elementor-element elementor-element-a6a0f4a e-con-full e-flex e-con e-child\" data-id=\"a6a0f4a\" data-element_type=\"container\">\n\t\t<div class=\"elementor-element elementor-element-492548f e-flex e-con-boxed e-con e-child\" data-id=\"492548f\" data-element_type=\"container\">\n\t\t\t\t\t<div class=\"e-con-inner\">\n\t\t\t\t<div class=\"elementor-element elementor-element-1aaa97e elementor-widget elementor-widget-google_maps\" data-id=\"1aaa97e\" data-element_type=\"widget\" data-widget_type=\"google_maps.default\">\n\t\t\t\t<div class=\"elementor-widget-container\">\n\t\t\t\t\t\t\t<div class=\"elementor-custom-embed\">\n\t\t\t<iframe loading=\"lazy\"\n\t\t\t\t\tsrc=\"https:\/\/maps.google.com\/maps?q=LE%20PINIER%20%2044690%20CHATEAU-THEBAUD&#038;t=m&#038;z=10&#038;output=embed&#038;iwloc=near\"\n\t\t\t\t\ttitle=\"LE PINIER  44690 CHATEAU-THEBAUD\"\n\t\t\t\t\taria-label=\"LE PINIER  44690 CHATEAU-THEBAUD\"\n\t\t\t><\/iframe>\n\t\t<\/div>\n\t\t\t\t\t\t<\/div>\n\t\t\t\t<\/div>\n\t\t\t\t<div class=\"elementor-element elementor-element-9d254d9 elementor-widget elementor-widget-text-editor\" data-id=\"9d254d9\" data-element_type=\"widget\" data-widget_type=\"text-editor.default\">\n\t\t\t\t<div class=\"elementor-widget-container\">\n\t\t\t\t\t\t\t\t\t<p>Tel : <a href=\"tel:0240656253\" target=\"_blank\" rel=\"noopener\">02.40.65.62.53<\/a><\/p>\t\t\t\t\t\t\t\t<\/div>\n\t\t\t\t<\/div>\n\t\t\t\t<div class=\"elementor-element elementor-element-f1b1b2e elementor-widget elementor-widget-text-editor\" data-id=\"f1b1b2e\" data-element_type=\"widget\" data-widget_type=\"text-editor.default\">\n\t\t\t\t<div class=\"elementor-widget-container\">\n\t\t\t\t\t\t\t\t\t<p>Mail : <a href=\"mailto:continentduvin@gmail.com\" target=\"_blank\" rel=\"noopener\">continentduvin@gmail.com<\/a><\/p>\t\t\t\t\t\t\t\t<\/div>\n\t\t\t\t<\/div>\n\t\t\t\t<div class=\"elementor-element elementor-element-398eeea elementor-shape-circle e-grid-align-left elementor-grid-0 elementor-widget elementor-widget-social-icons\" data-id=\"398eeea\" data-element_type=\"widget\" data-widget_type=\"social-icons.default\">\n\t\t\t\t<div class=\"elementor-widget-container\">\n\t\t\t\t\t\t\t<div class=\"elementor-social-icons-wrapper elementor-grid\">\n\t\t\t\t\t\t\t<span class=\"elementor-grid-item\">\n\t\t\t\t\t<a class=\"elementor-icon elementor-social-icon elementor-social-icon-facebook elementor-repeater-item-fad1eeb\" href=\"https:\/\/www.facebook.com\/ContinentDuVin\" target=\"_blank\">\n\t\t\t\t\t\t<span class=\"elementor-screen-only\">Facebook<\/span>\n\t\t\t\t\t\t<i class=\"fab fa-facebook\"><\/i>\t\t\t\t\t<\/a>\n\t\t\t\t<\/span>\n\t\t\t\t\t\t\t<span class=\"elementor-grid-item\">\n\t\t\t\t\t<a class=\"elementor-icon elementor-social-icon elementor-social-icon-instagram elementor-repeater-item-f51421e\" href=\"https:\/\/www.instagram.com\/continent_du_vin\/\" target=\"_blank\">\n\t\t\t\t\t\t<span class=\"elementor-screen-only\">Instagram<\/span>\n\t\t\t\t\t\t<i class=\"fab fa-instagram\"><\/i>\t\t\t\t\t<\/a>\n\t\t\t\t<\/span>\n\t\t\t\t\t<\/div>\n\t\t\t\t\t\t<\/div>\n\t\t\t\t<\/div>\n\t\t\t\t\t<\/div>\n\t\t\t\t<\/div>\n\t\t<div class=\"elementor-element elementor-element-ec8c2c8 e-flex e-con-boxed e-con e-child\" data-id=\"ec8c2c8\" data-element_type=\"container\">\n\t\t\t\t\t<div class=\"e-con-inner\">\n\t\t\t\t<div class=\"elementor-element elementor-element-60210c3 elementor-widget elementor-widget-text-editor\" data-id=\"60210c3\" data-element_type=\"widget\" data-widget_type=\"text-editor.default\">\n\t\t\t\t<div class=\"elementor-widget-container\">\n\t\t\t\t\t\t\t\t\t<p>L&rsquo;abus d&rsquo;alcool est dangereux pour la sant\u00e9. A consommer avec mod\u00e9ration<\/p>\t\t\t\t\t\t\t\t<\/div>\n\t\t\t\t<\/div>\n\t\t\t\t\t<\/div>\n\t\t\t\t<\/div>\n\t\t\t\t<\/div>\n\t\t\t\t\t<\/div>\n\t\t\t\t<\/div>\n\t\t\t\t<\/div>\n\t\t","protected":false},"excerpt":{"rendered":"<p>FLOR DE PENALVA \u2013 Adega de Penalva &#8211; Dao Rouge &#8211; Portugal Adega de Penalava est situ\u00e9 \u00e0 Penalva do Castello au c\u0153ur du DAO et en particulier dans la sous appellation de Castendo. Cette adega date des ann\u00e9es 1960, et est l&rsquo;une des plus connues de la r\u00e9gion. Flor de Penalva &#8211; Dao Rouge [&hellip;]<\/p>\n","protected":false},"author":1,"featured_media":0,"parent":0,"menu_order":0,"comment_status":"closed","ping_status":"closed","template":"","meta":{"_lmt_disableupdate":"","_lmt_disable":"","site-sidebar-layout":"no-sidebar","site-content-layout":"page-builder","ast-site-content-layout":"full-width-container","site-content-style":"default","site-sidebar-style":"default","ast-global-header-display":"","ast-banner-title-visibility":"","ast-main-header-display":"","ast-hfb-above-header-display":"","ast-hfb-below-header-display":"","ast-hfb-mobile-header-display":"","site-post-title":"disabled","ast-breadcrumbs-content":"","ast-featured-img":"disabled","footer-sml-layout":"","theme-transparent-header-meta":"","adv-header-id-meta":"","stick-header-meta":"","header-above-stick-meta":"","header-main-stick-meta":"","header-below-stick-meta":"","astra-migrate-meta-layouts":"set","ast-page-background-enabled":"default","ast-page-background-meta":{"desktop":{"background-color":"","background-image":"","background-repeat":"repeat","background-position":"center center","background-size":"auto","background-attachment":"scroll","background-type":"","background-media":"","overlay-type":"","overlay-color":"","overlay-gradient":""},"tablet":{"background-color":"","background-image":"","background-repeat":"repeat","background-position":"center center","background-size":"auto","background-attachment":"scroll","background-type":"","background-media":"","overlay-type":"","overlay-color":"","overlay-gradient":""},"mobile":{"background-color":"","background-image":"","background-repeat":"repeat","background-position":"center center","background-size":"auto","background-attachment":"scroll","background-type":"","background-media":"","overlay-type":"","overlay-color":"","overlay-gradient":""}},"ast-content-background-meta":{"desktop":{"background-color":"var(--ast-global-color-5)","background-image":"","background-repeat":"repeat","background-position":"center center","background-size":"auto","background-attachment":"scroll","background-type":"","background-media":"","overlay-type":"","overlay-color":"","overlay-gradient":""},"tablet":{"background-color":"var(--ast-global-color-5)","background-image":"","background-repeat":"repeat","background-position":"center center","background-size":"auto","background-attachment":"scroll","background-type":"","background-media":"","overlay-type":"","overlay-color":"","overlay-gradient":""},"mobile":{"background-color":"var(--ast-global-color-5)","background-image":"","background-repeat":"repeat","background-position":"center center","background-size":"auto","background-attachment":"scroll","background-type":"","background-media":"","overlay-type":"","overlay-color":"","overlay-gradient":""}},"footnotes":""},"yoast_head":"<!-- This site is optimized with the Yoast SEO plugin v23.5 - https:\/\/yoast.com\/wordpress\/plugins\/seo\/ -->\n<title>FLOR DE PENALVA \u2013 Adega de Penalva - Dao Rouge - Portugal -<\/title>\n<meta name=\"robots\" content=\"index, follow, max-snippet:-1, max-image-preview:large, max-video-preview:-1\" \/>\n<link rel=\"canonical\" href=\"https:\/\/continentduvin.fr\/importateur-de-vin-du-monde\/flor-de-penalva-adega-de-penalva-dao-rouge-portugal\/\" \/>\n<meta property=\"og:locale\" content=\"fr_FR\" \/>\n<meta property=\"og:type\" content=\"article\" \/>\n<meta property=\"og:title\" content=\"FLOR DE PENALVA \u2013 Adega de Penalva - Dao Rouge - Portugal -\" \/>\n<meta property=\"og:description\" content=\"FLOR DE PENALVA \u2013 Adega de Penalva &#8211; Dao Rouge &#8211; Portugal Adega de Penalava est situ\u00e9 \u00e0 Penalva do Castello au c\u0153ur du DAO et en particulier dans la sous appellation de Castendo. Cette adega date des ann\u00e9es 1960, et est l&rsquo;une des plus connues de la r\u00e9gion. Flor de Penalva &#8211; Dao Rouge [&hellip;]\" \/>\n<meta property=\"og:url\" content=\"https:\/\/continentduvin.fr\/importateur-de-vin-du-monde\/flor-de-penalva-adega-de-penalva-dao-rouge-portugal\/\" \/>\n<meta property=\"article:modified_time\" content=\"2024-12-10T14:16:50+00:00\" \/>\n<meta property=\"og:image\" content=\"https:\/\/continentduvin.fr\/wp-content\/uploads\/2024\/12\/flor-de-penalva-2.jpg\" \/>\n<meta name=\"twitter:card\" content=\"summary_large_image\" \/>\n<meta name=\"twitter:label1\" content=\"Dur\u00e9e de lecture estim\u00e9e\" \/>\n\t<meta name=\"twitter:data1\" content=\"2 minutes\" \/>\n<script type=\"application\/ld+json\" class=\"yoast-schema-graph\">{\"@context\":\"https:\/\/schema.org\",\"@graph\":[{\"@type\":\"WebPage\",\"@id\":\"https:\/\/continentduvin.fr\/importateur-de-vin-du-monde\/flor-de-penalva-adega-de-penalva-dao-rouge-portugal\/\",\"url\":\"https:\/\/continentduvin.fr\/importateur-de-vin-du-monde\/flor-de-penalva-adega-de-penalva-dao-rouge-portugal\/\",\"name\":\"FLOR DE PENALVA \u2013 Adega de Penalva - Dao Rouge - Portugal -\",\"isPartOf\":{\"@id\":\"https:\/\/continentduvin.fr\/importateur-de-vin-du-monde\/#website\"},\"primaryImageOfPage\":{\"@id\":\"https:\/\/continentduvin.fr\/importateur-de-vin-du-monde\/flor-de-penalva-adega-de-penalva-dao-rouge-portugal\/#primaryimage\"},\"image\":{\"@id\":\"https:\/\/continentduvin.fr\/importateur-de-vin-du-monde\/flor-de-penalva-adega-de-penalva-dao-rouge-portugal\/#primaryimage\"},\"thumbnailUrl\":\"https:\/\/continentduvin.fr\/wp-content\/uploads\/2024\/12\/flor-de-penalva-2.jpg\",\"datePublished\":\"2024-12-03T14:29:02+00:00\",\"dateModified\":\"2024-12-10T14:16:50+00:00\",\"breadcrumb\":{\"@id\":\"https:\/\/continentduvin.fr\/importateur-de-vin-du-monde\/flor-de-penalva-adega-de-penalva-dao-rouge-portugal\/#breadcrumb\"},\"inLanguage\":\"fr-FR\",\"potentialAction\":[{\"@type\":\"ReadAction\",\"target\":[\"https:\/\/continentduvin.fr\/importateur-de-vin-du-monde\/flor-de-penalva-adega-de-penalva-dao-rouge-portugal\/\"]}]},{\"@type\":\"ImageObject\",\"inLanguage\":\"fr-FR\",\"@id\":\"https:\/\/continentduvin.fr\/importateur-de-vin-du-monde\/flor-de-penalva-adega-de-penalva-dao-rouge-portugal\/#primaryimage\",\"url\":\"https:\/\/continentduvin.fr\/wp-content\/uploads\/2024\/12\/flor-de-penalva-2.jpg\",\"contentUrl\":\"https:\/\/continentduvin.fr\/wp-content\/uploads\/2024\/12\/flor-de-penalva-2.jpg\"},{\"@type\":\"BreadcrumbList\",\"@id\":\"https:\/\/continentduvin.fr\/importateur-de-vin-du-monde\/flor-de-penalva-adega-de-penalva-dao-rouge-portugal\/#breadcrumb\",\"itemListElement\":[{\"@type\":\"ListItem\",\"position\":1,\"name\":\"Accueil\",\"item\":\"https:\/\/continentduvin.fr\/importateur-de-vin-du-monde\/\"},{\"@type\":\"ListItem\",\"position\":2,\"name\":\"FLOR DE PENALVA \u2013 Adega de Penalva &#8211; Dao Rouge &#8211; Portugal\"}]},{\"@type\":\"WebSite\",\"@id\":\"https:\/\/continentduvin.fr\/importateur-de-vin-du-monde\/#website\",\"url\":\"https:\/\/continentduvin.fr\/importateur-de-vin-du-monde\/\",\"name\":\"\",\"description\":\"Importateur de Vins du Monde depuis 2004\",\"potentialAction\":[{\"@type\":\"SearchAction\",\"target\":{\"@type\":\"EntryPoint\",\"urlTemplate\":\"https:\/\/continentduvin.fr\/importateur-de-vin-du-monde\/?s={search_term_string}\"},\"query-input\":{\"@type\":\"PropertyValueSpecification\",\"valueRequired\":true,\"valueName\":\"search_term_string\"}}],\"inLanguage\":\"fr-FR\"}]}<\/script>\n<!-- \/ Yoast SEO plugin. -->","yoast_head_json":{"title":"FLOR DE PENALVA \u2013 Adega de Penalva - Dao Rouge - Portugal -","robots":{"index":"index","follow":"follow","max-snippet":"max-snippet:-1","max-image-preview":"max-image-preview:large","max-video-preview":"max-video-preview:-1"},"canonical":"https:\/\/continentduvin.fr\/importateur-de-vin-du-monde\/flor-de-penalva-adega-de-penalva-dao-rouge-portugal\/","og_locale":"fr_FR","og_type":"article","og_title":"FLOR DE PENALVA \u2013 Adega de Penalva - Dao Rouge - Portugal -","og_description":"FLOR DE PENALVA \u2013 Adega de Penalva &#8211; Dao Rouge &#8211; Portugal Adega de Penalava est situ\u00e9 \u00e0 Penalva do Castello au c\u0153ur du DAO et en particulier dans la sous appellation de Castendo. Cette adega date des ann\u00e9es 1960, et est l&rsquo;une des plus connues de la r\u00e9gion. Flor de Penalva &#8211; Dao Rouge [&hellip;]","og_url":"https:\/\/continentduvin.fr\/importateur-de-vin-du-monde\/flor-de-penalva-adega-de-penalva-dao-rouge-portugal\/","article_modified_time":"2024-12-10T14:16:50+00:00","og_image":[{"url":"https:\/\/continentduvin.fr\/wp-content\/uploads\/2024\/12\/flor-de-penalva-2.jpg"}],"twitter_card":"summary_large_image","twitter_misc":{"Dur\u00e9e de lecture estim\u00e9e":"2 minutes"},"schema":{"@context":"https:\/\/schema.org","@graph":[{"@type":"WebPage","@id":"https:\/\/continentduvin.fr\/importateur-de-vin-du-monde\/flor-de-penalva-adega-de-penalva-dao-rouge-portugal\/","url":"https:\/\/continentduvin.fr\/importateur-de-vin-du-monde\/flor-de-penalva-adega-de-penalva-dao-rouge-portugal\/","name":"FLOR DE PENALVA \u2013 Adega de Penalva - Dao Rouge - Portugal -","isPartOf":{"@id":"https:\/\/continentduvin.fr\/importateur-de-vin-du-monde\/#website"},"primaryImageOfPage":{"@id":"https:\/\/continentduvin.fr\/importateur-de-vin-du-monde\/flor-de-penalva-adega-de-penalva-dao-rouge-portugal\/#primaryimage"},"image":{"@id":"https:\/\/continentduvin.fr\/importateur-de-vin-du-monde\/flor-de-penalva-adega-de-penalva-dao-rouge-portugal\/#primaryimage"},"thumbnailUrl":"https:\/\/continentduvin.fr\/wp-content\/uploads\/2024\/12\/flor-de-penalva-2.jpg","datePublished":"2024-12-03T14:29:02+00:00","dateModified":"2024-12-10T14:16:50+00:00","breadcrumb":{"@id":"https:\/\/continentduvin.fr\/importateur-de-vin-du-monde\/flor-de-penalva-adega-de-penalva-dao-rouge-portugal\/#breadcrumb"},"inLanguage":"fr-FR","potentialAction":[{"@type":"ReadAction","target":["https:\/\/continentduvin.fr\/importateur-de-vin-du-monde\/flor-de-penalva-adega-de-penalva-dao-rouge-portugal\/"]}]},{"@type":"ImageObject","inLanguage":"fr-FR","@id":"https:\/\/continentduvin.fr\/importateur-de-vin-du-monde\/flor-de-penalva-adega-de-penalva-dao-rouge-portugal\/#primaryimage","url":"https:\/\/continentduvin.fr\/wp-content\/uploads\/2024\/12\/flor-de-penalva-2.jpg","contentUrl":"https:\/\/continentduvin.fr\/wp-content\/uploads\/2024\/12\/flor-de-penalva-2.jpg"},{"@type":"BreadcrumbList","@id":"https:\/\/continentduvin.fr\/importateur-de-vin-du-monde\/flor-de-penalva-adega-de-penalva-dao-rouge-portugal\/#breadcrumb","itemListElement":[{"@type":"ListItem","position":1,"name":"Accueil","item":"https:\/\/continentduvin.fr\/importateur-de-vin-du-monde\/"},{"@type":"ListItem","position":2,"name":"FLOR DE PENALVA \u2013 Adega de Penalva &#8211; Dao Rouge &#8211; Portugal"}]},{"@type":"WebSite","@id":"https:\/\/continentduvin.fr\/importateur-de-vin-du-monde\/#website","url":"https:\/\/continentduvin.fr\/importateur-de-vin-du-monde\/","name":"","description":"Importateur de Vins du Monde depuis 2004","potentialAction":[{"@type":"SearchAction","target":{"@type":"EntryPoint","urlTemplate":"https:\/\/continentduvin.fr\/importateur-de-vin-du-monde\/?s={search_term_string}"},"query-input":{"@type":"PropertyValueSpecification","valueRequired":true,"valueName":"search_term_string"}}],"inLanguage":"fr-FR"}]}},"_links":{"self":[{"href":"https:\/\/continentduvin.fr\/importateur-de-vin-du-monde\/wp-json\/wp\/v2\/pages\/15317"}],"collection":[{"href":"https:\/\/continentduvin.fr\/importateur-de-vin-du-monde\/wp-json\/wp\/v2\/pages"}],"about":[{"href":"https:\/\/continentduvin.fr\/importateur-de-vin-du-monde\/wp-json\/wp\/v2\/types\/page"}],"author":[{"embeddable":true,"href":"https:\/\/continentduvin.fr\/importateur-de-vin-du-monde\/wp-json\/wp\/v2\/users\/1"}],"replies":[{"embeddable":true,"href":"https:\/\/continentduvin.fr\/importateur-de-vin-du-monde\/wp-json\/wp\/v2\/comments?post=15317"}],"version-history":[{"count":7,"href":"https:\/\/continentduvin.fr\/importateur-de-vin-du-monde\/wp-json\/wp\/v2\/pages\/15317\/revisions"}],"predecessor-version":[{"id":15434,"href":"https:\/\/continentduvin.fr\/importateur-de-vin-du-monde\/wp-json\/wp\/v2\/pages\/15317\/revisions\/15434"}],"wp:attachment":[{"href":"https:\/\/continentduvin.fr\/importateur-de-vin-du-monde\/wp-json\/wp\/v2\/media?parent=15317"}],"curies":[{"name":"wp","href":"https:\/\/api.w.org\/{rel}","templated":true}]}}