{"id":11454,"date":"2024-04-11T09:57:54","date_gmt":"2024-04-11T08:57:54","guid":{"rendered":"https:\/\/continentduvin.fr\/importateur-de-vin-du-monde\/?page_id=11454"},"modified":"2025-07-01T09:04:43","modified_gmt":"2025-07-01T08:04:43","slug":"alasia-barolo-docg-vins-italie","status":"publish","type":"page","link":"https:\/\/continentduvin.fr\/importateur-de-vin-du-monde\/alasia-barolo-docg-vins-italie\/","title":{"rendered":"Alasia &#8211; Barolo DOCG"},"content":{"rendered":"\t\t<div data-elementor-type=\"wp-page\" data-elementor-id=\"11454\" class=\"elementor elementor-11454\">\n\t\t\t\t<div class=\"elementor-element elementor-element-1ceacb3 e-flex e-con-boxed e-con e-parent\" data-id=\"1ceacb3\" data-element_type=\"container\">\n\t\t\t\t\t<div class=\"e-con-inner\">\n\t\t<div class=\"elementor-element elementor-element-921e4d6 e-con-full e-flex e-con e-child\" data-id=\"921e4d6\" data-element_type=\"container\">\n\t\t\t\t<div class=\"elementor-element elementor-element-cb57264 elementor-arrows-position-inside elementor-pagination-position-outside elementor-widget elementor-widget-image-carousel\" data-id=\"cb57264\" data-element_type=\"widget\" data-settings=\"{&quot;slides_to_show&quot;:&quot;1&quot;,&quot;autoplay&quot;:&quot;no&quot;,&quot;navigation&quot;:&quot;both&quot;,&quot;infinite&quot;:&quot;yes&quot;,&quot;effect&quot;:&quot;slide&quot;,&quot;speed&quot;:500}\" data-widget_type=\"image-carousel.default\">\n\t\t\t\t<div class=\"elementor-widget-container\">\n\t\t\t\t\t\t\t<div class=\"elementor-image-carousel-wrapper swiper\" role=\"region\" aria-roledescription=\"carousel\" aria-label=\"Carrousel d\u2019images\" dir=\"ltr\">\n\t\t\t<div class=\"elementor-image-carousel swiper-wrapper\" aria-live=\"polite\">\n\t\t\t\t\t\t\t\t<div class=\"swiper-slide\" role=\"group\" aria-roledescription=\"slide\" aria-label=\"1 sur 2\"><figure class=\"swiper-slide-inner\"><img decoding=\"async\" class=\"swiper-slide-image\" src=\"https:\/\/continentduvin.fr\/wp-content\/uploads\/2025\/07\/ALASIA_BAROLO.png\" alt=\"ALASIA_BAROLO\" \/><\/figure><\/div><div class=\"swiper-slide\" role=\"group\" aria-roledescription=\"slide\" aria-label=\"2 sur 2\"><figure class=\"swiper-slide-inner\"><img decoding=\"async\" class=\"swiper-slide-image\" src=\"https:\/\/continentduvin.fr\/wp-content\/uploads\/2024\/04\/araldica.jpg\" alt=\"araldica\" \/><\/figure><\/div>\t\t\t<\/div>\n\t\t\t\t\t\t\t\t\t\t\t\t<div class=\"elementor-swiper-button elementor-swiper-button-prev\" role=\"button\" tabindex=\"0\">\n\t\t\t\t\t\t<i aria-hidden=\"true\" class=\"eicon-chevron-left\"><\/i>\t\t\t\t\t<\/div>\n\t\t\t\t\t<div class=\"elementor-swiper-button elementor-swiper-button-next\" role=\"button\" tabindex=\"0\">\n\t\t\t\t\t\t<i aria-hidden=\"true\" class=\"eicon-chevron-right\"><\/i>\t\t\t\t\t<\/div>\n\t\t\t\t\n\t\t\t\t\t\t\t\t\t<div class=\"swiper-pagination\"><\/div>\n\t\t\t\t\t\t\t\t\t<\/div>\n\t\t\t\t\t\t<\/div>\n\t\t\t\t<\/div>\n\t\t\t\t<\/div>\n\t\t<div class=\"elementor-element elementor-element-0f4cfab e-con-full e-flex e-con e-child\" data-id=\"0f4cfab\" data-element_type=\"container\">\n\t\t\t\t<div class=\"elementor-element elementor-element-3e16c9f elementor-widget elementor-widget-heading\" data-id=\"3e16c9f\" data-element_type=\"widget\" data-widget_type=\"heading.default\">\n\t\t\t\t<div class=\"elementor-widget-container\">\n\t\t\t\t\t<h2 class=\"elementor-heading-title elementor-size-default\"><font color=\"#000000\">Alasia - Barolo DOCG \n\n<\/font><\/h2>\t\t\t\t<\/div>\n\t\t\t\t<\/div>\n\t\t\t\t<div class=\"elementor-element elementor-element-0f7a227 elementor-widget elementor-widget-text-editor\" data-id=\"0f7a227\" data-element_type=\"widget\" data-widget_type=\"text-editor.default\">\n\t\t\t\t<div class=\"elementor-widget-container\">\n\t\t\t\t\t\t\t\t\t<p align=\"JUSTIFY\"><span style=\"font-size: ;\">Araldica est une v\u00e9ritable institution dans le Pi\u00e9mont. Situ\u00e9 en Castel Boglione au c\u0153ur de la r\u00e9gion du Barbera d&rsquo;Asti, Araldica a \u00e9t\u00e9 fond\u00e9 dans les ann\u00e9es 50 par Livio Manera et c&rsquo;est aujourd&rsquo;hui son fils Claudio qui est \u00e0 la t\u00eate du domaine. Araldica a la chance de pouvoir offrir les plus grandes appellations du Pi\u00e9mont\u00a0: Barbera d&rsquo;Asti, Moscato d&rsquo;Asti, Gavi (Cortese), Barolo et Barbaresco.<\/b><\/strong><\/span><\/p>\n<p align=\"JUSTIFY\"><span style=\"color: ;\"><span style=\"font-family: ;\"><span style=\"font-size: ;\">Araldica propose ici la cuv\u00e9e Alasia en Barolo DOCG, l&rsquo;une des appellations les plus r\u00e9put\u00e9es d&rsquo;Italie. Sur cette cuv\u00e9e Alasia, Lella Burdese \u2013 l\u2019\u0153nologue- a assembl\u00e9 les meilleures f\u00fbts du domaine, c&rsquo;est donc le meilleur Barolo d&rsquo; Araldica. Barolo riche et puissant mais encore accessible\u00a0!<\/span><\/span><\/span><\/p>\n<p align=\"JUSTIFY\">Un style fin et expressif, alliant avec brio les ar\u00f4mes m\u00fbrs et l\u00e9g\u00e8rement floraux du Barolo, sa richesse et sa structure. Ar\u00f4mes de prune noire, de cuir et de violette d\u00e9licate, avec des notes de fum\u00e9e de bois et d&rsquo;\u00e9pices brunes. Un rouge ample, ferme et m\u00fbr aux saveurs riches et puissantes. Le tout est \u00e9quilibr\u00e9 par des tanins m\u00fbrs, des notes savoureuses complexes et une longue finale.<\/p>\t\t\t\t\t\t\t\t<\/div>\n\t\t\t\t<\/div>\n\t\t\t\t<div class=\"elementor-element elementor-element-798d469 elementor-widget elementor-widget-button\" data-id=\"798d469\" data-element_type=\"widget\" data-widget_type=\"button.default\">\n\t\t\t\t<div class=\"elementor-widget-container\">\n\t\t\t\t\t\t\t\t\t<div class=\"elementor-button-wrapper\">\n\t\t\t\t\t<a class=\"elementor-button elementor-button-link elementor-size-sm elementor-animation-grow\" href=\"https:\/\/continentduvin.fr\/wp-content\/uploads\/2025\/07\/Araldica-Barolo.pdf\" target=\"_blank\">\n\t\t\t\t\t\t<span class=\"elementor-button-content-wrapper\">\n\t\t\t\t\t\t\t\t\t<span class=\"elementor-button-text\">T\u00e9l\u00e9chargez la fiche technique<\/span>\n\t\t\t\t\t<\/span>\n\t\t\t\t\t<\/a>\n\t\t\t\t<\/div>\n\t\t\t\t\t\t\t\t<\/div>\n\t\t\t\t<\/div>\n\t\t\t\t<\/div>\n\t\t\t\t\t<\/div>\n\t\t\t\t<\/div>\n\t\t<div class=\"elementor-element elementor-element-ba94680 e-flex e-con-boxed e-con e-parent\" data-id=\"ba94680\" data-element_type=\"container\">\n\t\t\t\t\t<div class=\"e-con-inner\">\n\t\t\t\t<div class=\"elementor-element elementor-element-a0d0085 elementor-widget-divider--view-line elementor-widget elementor-widget-divider\" data-id=\"a0d0085\" data-element_type=\"widget\" data-widget_type=\"divider.default\">\n\t\t\t\t<div class=\"elementor-widget-container\">\n\t\t\t\t\t\t\t<div class=\"elementor-divider\">\n\t\t\t<span class=\"elementor-divider-separator\">\n\t\t\t\t\t\t<\/span>\n\t\t<\/div>\n\t\t\t\t\t\t<\/div>\n\t\t\t\t<\/div>\n\t\t\t\t\t<\/div>\n\t\t\t\t<\/div>\n\t\t<div class=\"elementor-element elementor-element-e436772 e-flex e-con-boxed e-con e-parent\" data-id=\"e436772\" data-element_type=\"container\">\n\t\t\t\t\t<div class=\"e-con-inner\">\n\t\t<div class=\"elementor-element elementor-element-70af6f6 e-con-full e-flex e-con e-child\" data-id=\"70af6f6\" data-element_type=\"container\">\n\t\t\t\t<div class=\"elementor-element elementor-element-aec17e7 elementor-widget elementor-widget-heading\" data-id=\"aec17e7\" data-element_type=\"widget\" data-widget_type=\"heading.default\">\n\t\t\t\t<div class=\"elementor-widget-container\">\n\t\t\t\t\t<h2 class=\"elementor-heading-title elementor-size-default\">Pour toutes vos question ou pour nous contacter, veuillez remplir ce formulaire<\/h2>\t\t\t\t<\/div>\n\t\t\t\t<\/div>\n\t\t\t\t<div class=\"elementor-element elementor-element-d22ce2b elementor-button-align-stretch elementor-widget elementor-widget-form\" data-id=\"d22ce2b\" data-element_type=\"widget\" data-settings=\"{&quot;step_next_label&quot;:&quot;Next&quot;,&quot;step_previous_label&quot;:&quot;Previous&quot;,&quot;button_width&quot;:&quot;100&quot;,&quot;step_type&quot;:&quot;number_text&quot;,&quot;step_icon_shape&quot;:&quot;circle&quot;}\" data-widget_type=\"form.default\">\n\t\t\t\t<div class=\"elementor-widget-container\">\n\t\t\t\t\t\t\t<form class=\"elementor-form\" method=\"post\" name=\"New Form\">\n\t\t\t<input type=\"hidden\" name=\"post_id\" value=\"11454\"\/>\n\t\t\t<input type=\"hidden\" name=\"form_id\" value=\"d22ce2b\"\/>\n\t\t\t<input type=\"hidden\" name=\"referer_title\" value=\"\" \/>\n\n\t\t\t\n\t\t\t<div class=\"elementor-form-fields-wrapper elementor-labels-above\">\n\t\t\t\t\t\t\t\t<div class=\"elementor-field-type-text elementor-field-group elementor-column elementor-field-group-name elementor-col-100\">\n\t\t\t\t\t\t\t\t\t\t\t\t<label for=\"form-field-name\" class=\"elementor-field-label\">\n\t\t\t\t\t\t\t\tNom Pr\u00e9nom\t\t\t\t\t\t\t<\/label>\n\t\t\t\t\t\t\t\t\t\t\t\t\t\t<input size=\"1\" type=\"text\" name=\"form_fields[name]\" id=\"form-field-name\" class=\"elementor-field elementor-size-sm  elementor-field-textual\" placeholder=\"Nom Pr\u00e9nom\">\n\t\t\t\t\t\t\t\t\t\t\t<\/div>\n\t\t\t\t\t\t\t\t<div class=\"elementor-field-type-email elementor-field-group elementor-column elementor-field-group-email elementor-col-100 elementor-field-required\">\n\t\t\t\t\t\t\t\t\t\t\t\t<label for=\"form-field-email\" class=\"elementor-field-label\">\n\t\t\t\t\t\t\t\tEmail\t\t\t\t\t\t\t<\/label>\n\t\t\t\t\t\t\t\t\t\t\t\t\t\t<input size=\"1\" type=\"email\" name=\"form_fields[email]\" id=\"form-field-email\" class=\"elementor-field elementor-size-sm  elementor-field-textual\" placeholder=\"Email\" required=\"required\" aria-required=\"true\">\n\t\t\t\t\t\t\t\t\t\t\t<\/div>\n\t\t\t\t\t\t\t\t<div class=\"elementor-field-type-textarea elementor-field-group elementor-column elementor-field-group-message elementor-col-100\">\n\t\t\t\t\t\t\t\t\t\t\t\t<label for=\"form-field-message\" class=\"elementor-field-label\">\n\t\t\t\t\t\t\t\tMessage\t\t\t\t\t\t\t<\/label>\n\t\t\t\t\t\t<textarea class=\"elementor-field-textual elementor-field  elementor-size-sm\" name=\"form_fields[message]\" id=\"form-field-message\" rows=\"4\" placeholder=\"Message\"><\/textarea>\t\t\t\t<\/div>\n\t\t\t\t\t\t\t\t<div class=\"elementor-field-type-recaptcha_v3 elementor-field-group elementor-column elementor-field-group-field_7bae0f1 elementor-col-100 recaptcha_v3-bottomright\">\n\t\t\t\t\t<div class=\"elementor-field\" id=\"form-field-field_7bae0f1\"><div class=\"elementor-g-recaptcha\" data-sitekey=\"6Lcoq0wqAAAAAIrFMkl6wJ73w31jG70dUBy1io2L\" data-type=\"v3\" data-action=\"Form\" data-badge=\"bottomright\" data-size=\"invisible\"><\/div><\/div>\t\t\t\t<\/div>\n\t\t\t\t\t\t\t\t<div class=\"elementor-field-group elementor-column elementor-field-type-submit elementor-col-100 e-form__buttons\">\n\t\t\t\t\t<button type=\"submit\" class=\"elementor-button elementor-size-sm\">\n\t\t\t\t\t\t<span >\n\t\t\t\t\t\t\t\t\t\t\t\t\t\t\t<span class=\" elementor-button-icon\">\n\t\t\t\t\t\t\t\t\t\t\t\t\t\t\t\t\t\t\t\t\t\t\t\t\t\t<\/span>\n\t\t\t\t\t\t\t\t\t\t\t\t\t\t\t\t\t\t\t\t\t\t<span class=\"elementor-button-text\">Envoyer<\/span>\n\t\t\t\t\t\t\t\t\t\t\t\t\t<\/span>\n\t\t\t\t\t<\/button>\n\t\t\t\t<\/div>\n\t\t\t<\/div>\n\t\t<\/form>\n\t\t\t\t\t\t<\/div>\n\t\t\t\t<\/div>\n\t\t\t\t<\/div>\n\t\t<div class=\"elementor-element elementor-element-e2115e0 e-con-full e-flex e-con e-child\" data-id=\"e2115e0\" data-element_type=\"container\">\n\t\t<div class=\"elementor-element elementor-element-582391e e-flex e-con-boxed e-con e-child\" data-id=\"582391e\" data-element_type=\"container\">\n\t\t\t\t\t<div class=\"e-con-inner\">\n\t\t\t\t<div class=\"elementor-element elementor-element-6dbc51a elementor-widget elementor-widget-google_maps\" data-id=\"6dbc51a\" data-element_type=\"widget\" data-widget_type=\"google_maps.default\">\n\t\t\t\t<div class=\"elementor-widget-container\">\n\t\t\t\t\t\t\t<div class=\"elementor-custom-embed\">\n\t\t\t<iframe loading=\"lazy\"\n\t\t\t\t\tsrc=\"https:\/\/maps.google.com\/maps?q=LE%20PINIER%20%2044690%20CHATEAU-THEBAUD&#038;t=m&#038;z=10&#038;output=embed&#038;iwloc=near\"\n\t\t\t\t\ttitle=\"LE PINIER  44690 CHATEAU-THEBAUD\"\n\t\t\t\t\taria-label=\"LE PINIER  44690 CHATEAU-THEBAUD\"\n\t\t\t><\/iframe>\n\t\t<\/div>\n\t\t\t\t\t\t<\/div>\n\t\t\t\t<\/div>\n\t\t\t\t<div class=\"elementor-element elementor-element-c18ed3e elementor-widget elementor-widget-text-editor\" data-id=\"c18ed3e\" data-element_type=\"widget\" data-widget_type=\"text-editor.default\">\n\t\t\t\t<div class=\"elementor-widget-container\">\n\t\t\t\t\t\t\t\t\t<p>Tel : <a href=\"tel:0240656253\" target=\"_blank\" rel=\"noopener\">02.40.65.62.53<\/a><\/p>\t\t\t\t\t\t\t\t<\/div>\n\t\t\t\t<\/div>\n\t\t\t\t<div class=\"elementor-element elementor-element-7f6adfa elementor-widget elementor-widget-text-editor\" data-id=\"7f6adfa\" data-element_type=\"widget\" data-widget_type=\"text-editor.default\">\n\t\t\t\t<div class=\"elementor-widget-container\">\n\t\t\t\t\t\t\t\t\t<p>Mail : <a href=\"mailto:continentduvin@gmail.com\" target=\"_blank\" rel=\"noopener\">continentduvin@gmail.com<\/a><\/p>\t\t\t\t\t\t\t\t<\/div>\n\t\t\t\t<\/div>\n\t\t\t\t<div class=\"elementor-element elementor-element-e79782b elementor-shape-circle e-grid-align-left elementor-grid-0 elementor-widget elementor-widget-social-icons\" data-id=\"e79782b\" data-element_type=\"widget\" data-widget_type=\"social-icons.default\">\n\t\t\t\t<div class=\"elementor-widget-container\">\n\t\t\t\t\t\t\t<div class=\"elementor-social-icons-wrapper elementor-grid\">\n\t\t\t\t\t\t\t<span class=\"elementor-grid-item\">\n\t\t\t\t\t<a class=\"elementor-icon elementor-social-icon elementor-social-icon-facebook elementor-repeater-item-fad1eeb\" href=\"https:\/\/www.facebook.com\/ContinentDuVin\" target=\"_blank\">\n\t\t\t\t\t\t<span class=\"elementor-screen-only\">Facebook<\/span>\n\t\t\t\t\t\t<i class=\"fab fa-facebook\"><\/i>\t\t\t\t\t<\/a>\n\t\t\t\t<\/span>\n\t\t\t\t\t\t\t<span class=\"elementor-grid-item\">\n\t\t\t\t\t<a class=\"elementor-icon elementor-social-icon elementor-social-icon-instagram elementor-repeater-item-f51421e\" href=\"https:\/\/www.instagram.com\/continent_du_vin\/\" target=\"_blank\">\n\t\t\t\t\t\t<span class=\"elementor-screen-only\">Instagram<\/span>\n\t\t\t\t\t\t<i class=\"fab fa-instagram\"><\/i>\t\t\t\t\t<\/a>\n\t\t\t\t<\/span>\n\t\t\t\t\t<\/div>\n\t\t\t\t\t\t<\/div>\n\t\t\t\t<\/div>\n\t\t\t\t\t<\/div>\n\t\t\t\t<\/div>\n\t\t<div class=\"elementor-element elementor-element-149e294 e-flex e-con-boxed e-con e-child\" data-id=\"149e294\" data-element_type=\"container\">\n\t\t\t\t\t<div class=\"e-con-inner\">\n\t\t\t\t<div class=\"elementor-element elementor-element-8587958 elementor-widget elementor-widget-text-editor\" data-id=\"8587958\" data-element_type=\"widget\" data-widget_type=\"text-editor.default\">\n\t\t\t\t<div class=\"elementor-widget-container\">\n\t\t\t\t\t\t\t\t\t<p>L&rsquo;abus d&rsquo;alcool est dangereux pour la sant\u00e9. A consommer avec mod\u00e9ration<\/p>\t\t\t\t\t\t\t\t<\/div>\n\t\t\t\t<\/div>\n\t\t\t\t\t<\/div>\n\t\t\t\t<\/div>\n\t\t\t\t<\/div>\n\t\t\t\t\t<\/div>\n\t\t\t\t<\/div>\n\t\t\t\t<\/div>\n\t\t","protected":false},"excerpt":{"rendered":"<p>Alasia &#8211; Barolo DOCG Araldica est une v\u00e9ritable institution dans le Pi\u00e9mont. Situ\u00e9 en Castel Boglione au c\u0153ur de la r\u00e9gion du Barbera d&rsquo;Asti, Araldica a \u00e9t\u00e9 fond\u00e9 dans les ann\u00e9es 50 par Livio Manera et c&rsquo;est aujourd&rsquo;hui son fils Claudio qui est \u00e0 la t\u00eate du domaine. Araldica a la chance de pouvoir offrir [&hellip;]<\/p>\n","protected":false},"author":1,"featured_media":0,"parent":0,"menu_order":0,"comment_status":"closed","ping_status":"closed","template":"","meta":{"_lmt_disableupdate":"no","_lmt_disable":"","site-sidebar-layout":"no-sidebar","site-content-layout":"page-builder","ast-site-content-layout":"full-width-container","site-content-style":"default","site-sidebar-style":"default","ast-global-header-display":"","ast-banner-title-visibility":"","ast-main-header-display":"","ast-hfb-above-header-display":"","ast-hfb-below-header-display":"","ast-hfb-mobile-header-display":"","site-post-title":"disabled","ast-breadcrumbs-content":"","ast-featured-img":"disabled","footer-sml-layout":"","theme-transparent-header-meta":"","adv-header-id-meta":"","stick-header-meta":"","header-above-stick-meta":"","header-main-stick-meta":"","header-below-stick-meta":"","astra-migrate-meta-layouts":"set","ast-page-background-enabled":"default","ast-page-background-meta":{"desktop":{"background-color":"","background-image":"","background-repeat":"repeat","background-position":"center center","background-size":"auto","background-attachment":"scroll","background-type":"","background-media":"","overlay-type":"","overlay-color":"","overlay-gradient":""},"tablet":{"background-color":"","background-image":"","background-repeat":"repeat","background-position":"center center","background-size":"auto","background-attachment":"scroll","background-type":"","background-media":"","overlay-type":"","overlay-color":"","overlay-gradient":""},"mobile":{"background-color":"","background-image":"","background-repeat":"repeat","background-position":"center center","background-size":"auto","background-attachment":"scroll","background-type":"","background-media":"","overlay-type":"","overlay-color":"","overlay-gradient":""}},"ast-content-background-meta":{"desktop":{"background-color":"var(--ast-global-color-5)","background-image":"","background-repeat":"repeat","background-position":"center center","background-size":"auto","background-attachment":"scroll","background-type":"","background-media":"","overlay-type":"","overlay-color":"","overlay-gradient":""},"tablet":{"background-color":"var(--ast-global-color-5)","background-image":"","background-repeat":"repeat","background-position":"center center","background-size":"auto","background-attachment":"scroll","background-type":"","background-media":"","overlay-type":"","overlay-color":"","overlay-gradient":""},"mobile":{"background-color":"var(--ast-global-color-5)","background-image":"","background-repeat":"repeat","background-position":"center center","background-size":"auto","background-attachment":"scroll","background-type":"","background-media":"","overlay-type":"","overlay-color":"","overlay-gradient":""}},"footnotes":""},"yoast_head":"<!-- This site is optimized with the Yoast SEO plugin v23.5 - https:\/\/yoast.com\/wordpress\/plugins\/seo\/ -->\n<title>Alasia - Barolo DOCG -<\/title>\n<meta name=\"robots\" content=\"index, follow, max-snippet:-1, max-image-preview:large, max-video-preview:-1\" \/>\n<link rel=\"canonical\" href=\"https:\/\/continentduvin.fr\/importateur-de-vin-du-monde\/alasia-barolo-docg-vins-italie\/\" \/>\n<meta property=\"og:locale\" content=\"fr_FR\" \/>\n<meta property=\"og:type\" content=\"article\" \/>\n<meta property=\"og:title\" content=\"Alasia - Barolo DOCG -\" \/>\n<meta property=\"og:description\" content=\"Alasia &#8211; Barolo DOCG Araldica est une v\u00e9ritable institution dans le Pi\u00e9mont. Situ\u00e9 en Castel Boglione au c\u0153ur de la r\u00e9gion du Barbera d&rsquo;Asti, Araldica a \u00e9t\u00e9 fond\u00e9 dans les ann\u00e9es 50 par Livio Manera et c&rsquo;est aujourd&rsquo;hui son fils Claudio qui est \u00e0 la t\u00eate du domaine. Araldica a la chance de pouvoir offrir [&hellip;]\" \/>\n<meta property=\"og:url\" content=\"https:\/\/continentduvin.fr\/importateur-de-vin-du-monde\/alasia-barolo-docg-vins-italie\/\" \/>\n<meta property=\"article:modified_time\" content=\"2025-07-01T08:04:43+00:00\" \/>\n<meta property=\"og:image\" content=\"https:\/\/continentduvin.fr\/wp-content\/uploads\/2025\/07\/ALASIA_BAROLO.png\" \/>\n<meta name=\"twitter:card\" content=\"summary_large_image\" \/>\n<meta name=\"twitter:label1\" content=\"Dur\u00e9e de lecture estim\u00e9e\" \/>\n\t<meta name=\"twitter:data1\" content=\"2 minutes\" \/>\n<script type=\"application\/ld+json\" class=\"yoast-schema-graph\">{\"@context\":\"https:\/\/schema.org\",\"@graph\":[{\"@type\":\"WebPage\",\"@id\":\"https:\/\/continentduvin.fr\/importateur-de-vin-du-monde\/alasia-barolo-docg-vins-italie\/\",\"url\":\"https:\/\/continentduvin.fr\/importateur-de-vin-du-monde\/alasia-barolo-docg-vins-italie\/\",\"name\":\"Alasia - Barolo DOCG -\",\"isPartOf\":{\"@id\":\"https:\/\/continentduvin.fr\/importateur-de-vin-du-monde\/#website\"},\"primaryImageOfPage\":{\"@id\":\"https:\/\/continentduvin.fr\/importateur-de-vin-du-monde\/alasia-barolo-docg-vins-italie\/#primaryimage\"},\"image\":{\"@id\":\"https:\/\/continentduvin.fr\/importateur-de-vin-du-monde\/alasia-barolo-docg-vins-italie\/#primaryimage\"},\"thumbnailUrl\":\"https:\/\/continentduvin.fr\/wp-content\/uploads\/2025\/07\/ALASIA_BAROLO.png\",\"datePublished\":\"2024-04-11T08:57:54+00:00\",\"dateModified\":\"2025-07-01T08:04:43+00:00\",\"breadcrumb\":{\"@id\":\"https:\/\/continentduvin.fr\/importateur-de-vin-du-monde\/alasia-barolo-docg-vins-italie\/#breadcrumb\"},\"inLanguage\":\"fr-FR\",\"potentialAction\":[{\"@type\":\"ReadAction\",\"target\":[\"https:\/\/continentduvin.fr\/importateur-de-vin-du-monde\/alasia-barolo-docg-vins-italie\/\"]}]},{\"@type\":\"ImageObject\",\"inLanguage\":\"fr-FR\",\"@id\":\"https:\/\/continentduvin.fr\/importateur-de-vin-du-monde\/alasia-barolo-docg-vins-italie\/#primaryimage\",\"url\":\"https:\/\/continentduvin.fr\/wp-content\/uploads\/2025\/07\/ALASIA_BAROLO.png\",\"contentUrl\":\"https:\/\/continentduvin.fr\/wp-content\/uploads\/2025\/07\/ALASIA_BAROLO.png\"},{\"@type\":\"BreadcrumbList\",\"@id\":\"https:\/\/continentduvin.fr\/importateur-de-vin-du-monde\/alasia-barolo-docg-vins-italie\/#breadcrumb\",\"itemListElement\":[{\"@type\":\"ListItem\",\"position\":1,\"name\":\"Accueil\",\"item\":\"https:\/\/continentduvin.fr\/importateur-de-vin-du-monde\/\"},{\"@type\":\"ListItem\",\"position\":2,\"name\":\"Alasia &#8211; Barolo DOCG\"}]},{\"@type\":\"WebSite\",\"@id\":\"https:\/\/continentduvin.fr\/importateur-de-vin-du-monde\/#website\",\"url\":\"https:\/\/continentduvin.fr\/importateur-de-vin-du-monde\/\",\"name\":\"\",\"description\":\"Importateur de Vins du Monde depuis 2004\",\"potentialAction\":[{\"@type\":\"SearchAction\",\"target\":{\"@type\":\"EntryPoint\",\"urlTemplate\":\"https:\/\/continentduvin.fr\/importateur-de-vin-du-monde\/?s={search_term_string}\"},\"query-input\":{\"@type\":\"PropertyValueSpecification\",\"valueRequired\":true,\"valueName\":\"search_term_string\"}}],\"inLanguage\":\"fr-FR\"}]}<\/script>\n<!-- \/ Yoast SEO plugin. -->","yoast_head_json":{"title":"Alasia - Barolo DOCG -","robots":{"index":"index","follow":"follow","max-snippet":"max-snippet:-1","max-image-preview":"max-image-preview:large","max-video-preview":"max-video-preview:-1"},"canonical":"https:\/\/continentduvin.fr\/importateur-de-vin-du-monde\/alasia-barolo-docg-vins-italie\/","og_locale":"fr_FR","og_type":"article","og_title":"Alasia - Barolo DOCG -","og_description":"Alasia &#8211; Barolo DOCG Araldica est une v\u00e9ritable institution dans le Pi\u00e9mont. Situ\u00e9 en Castel Boglione au c\u0153ur de la r\u00e9gion du Barbera d&rsquo;Asti, Araldica a \u00e9t\u00e9 fond\u00e9 dans les ann\u00e9es 50 par Livio Manera et c&rsquo;est aujourd&rsquo;hui son fils Claudio qui est \u00e0 la t\u00eate du domaine. Araldica a la chance de pouvoir offrir [&hellip;]","og_url":"https:\/\/continentduvin.fr\/importateur-de-vin-du-monde\/alasia-barolo-docg-vins-italie\/","article_modified_time":"2025-07-01T08:04:43+00:00","og_image":[{"url":"https:\/\/continentduvin.fr\/wp-content\/uploads\/2025\/07\/ALASIA_BAROLO.png"}],"twitter_card":"summary_large_image","twitter_misc":{"Dur\u00e9e de lecture estim\u00e9e":"2 minutes"},"schema":{"@context":"https:\/\/schema.org","@graph":[{"@type":"WebPage","@id":"https:\/\/continentduvin.fr\/importateur-de-vin-du-monde\/alasia-barolo-docg-vins-italie\/","url":"https:\/\/continentduvin.fr\/importateur-de-vin-du-monde\/alasia-barolo-docg-vins-italie\/","name":"Alasia - Barolo DOCG -","isPartOf":{"@id":"https:\/\/continentduvin.fr\/importateur-de-vin-du-monde\/#website"},"primaryImageOfPage":{"@id":"https:\/\/continentduvin.fr\/importateur-de-vin-du-monde\/alasia-barolo-docg-vins-italie\/#primaryimage"},"image":{"@id":"https:\/\/continentduvin.fr\/importateur-de-vin-du-monde\/alasia-barolo-docg-vins-italie\/#primaryimage"},"thumbnailUrl":"https:\/\/continentduvin.fr\/wp-content\/uploads\/2025\/07\/ALASIA_BAROLO.png","datePublished":"2024-04-11T08:57:54+00:00","dateModified":"2025-07-01T08:04:43+00:00","breadcrumb":{"@id":"https:\/\/continentduvin.fr\/importateur-de-vin-du-monde\/alasia-barolo-docg-vins-italie\/#breadcrumb"},"inLanguage":"fr-FR","potentialAction":[{"@type":"ReadAction","target":["https:\/\/continentduvin.fr\/importateur-de-vin-du-monde\/alasia-barolo-docg-vins-italie\/"]}]},{"@type":"ImageObject","inLanguage":"fr-FR","@id":"https:\/\/continentduvin.fr\/importateur-de-vin-du-monde\/alasia-barolo-docg-vins-italie\/#primaryimage","url":"https:\/\/continentduvin.fr\/wp-content\/uploads\/2025\/07\/ALASIA_BAROLO.png","contentUrl":"https:\/\/continentduvin.fr\/wp-content\/uploads\/2025\/07\/ALASIA_BAROLO.png"},{"@type":"BreadcrumbList","@id":"https:\/\/continentduvin.fr\/importateur-de-vin-du-monde\/alasia-barolo-docg-vins-italie\/#breadcrumb","itemListElement":[{"@type":"ListItem","position":1,"name":"Accueil","item":"https:\/\/continentduvin.fr\/importateur-de-vin-du-monde\/"},{"@type":"ListItem","position":2,"name":"Alasia &#8211; Barolo DOCG"}]},{"@type":"WebSite","@id":"https:\/\/continentduvin.fr\/importateur-de-vin-du-monde\/#website","url":"https:\/\/continentduvin.fr\/importateur-de-vin-du-monde\/","name":"","description":"Importateur de Vins du Monde depuis 2004","potentialAction":[{"@type":"SearchAction","target":{"@type":"EntryPoint","urlTemplate":"https:\/\/continentduvin.fr\/importateur-de-vin-du-monde\/?s={search_term_string}"},"query-input":{"@type":"PropertyValueSpecification","valueRequired":true,"valueName":"search_term_string"}}],"inLanguage":"fr-FR"}]}},"_links":{"self":[{"href":"https:\/\/continentduvin.fr\/importateur-de-vin-du-monde\/wp-json\/wp\/v2\/pages\/11454"}],"collection":[{"href":"https:\/\/continentduvin.fr\/importateur-de-vin-du-monde\/wp-json\/wp\/v2\/pages"}],"about":[{"href":"https:\/\/continentduvin.fr\/importateur-de-vin-du-monde\/wp-json\/wp\/v2\/types\/page"}],"author":[{"embeddable":true,"href":"https:\/\/continentduvin.fr\/importateur-de-vin-du-monde\/wp-json\/wp\/v2\/users\/1"}],"replies":[{"embeddable":true,"href":"https:\/\/continentduvin.fr\/importateur-de-vin-du-monde\/wp-json\/wp\/v2\/comments?post=11454"}],"version-history":[{"count":6,"href":"https:\/\/continentduvin.fr\/importateur-de-vin-du-monde\/wp-json\/wp\/v2\/pages\/11454\/revisions"}],"predecessor-version":[{"id":16126,"href":"https:\/\/continentduvin.fr\/importateur-de-vin-du-monde\/wp-json\/wp\/v2\/pages\/11454\/revisions\/16126"}],"wp:attachment":[{"href":"https:\/\/continentduvin.fr\/importateur-de-vin-du-monde\/wp-json\/wp\/v2\/media?parent=11454"}],"curies":[{"name":"wp","href":"https:\/\/api.w.org\/{rel}","templated":true}]}}