{"id":10482,"date":"2024-03-22T14:53:25","date_gmt":"2024-03-22T13:53:25","guid":{"rendered":"https:\/\/continentduvin.fr\/importateur-de-vin-du-monde\/?page_id=10482"},"modified":"2025-08-29T14:04:58","modified_gmt":"2025-08-29T13:04:58","slug":"mateos-insensato-doc-rioja-vin-espagnol","status":"publish","type":"page","link":"https:\/\/continentduvin.fr\/importateur-de-vin-du-monde\/mateos-insensato-doc-rioja-vin-espagnol\/","title":{"rendered":"Mateos &#8211; Insensato &#8211; DOC Rioja"},"content":{"rendered":"\t\t<div data-elementor-type=\"wp-page\" data-elementor-id=\"10482\" class=\"elementor elementor-10482\">\n\t\t\t\t<div class=\"elementor-element elementor-element-29304d1 e-flex e-con-boxed e-con e-parent\" data-id=\"29304d1\" data-element_type=\"container\">\n\t\t\t\t\t<div class=\"e-con-inner\">\n\t\t<div class=\"elementor-element elementor-element-b758610 e-con-full e-flex e-con e-child\" data-id=\"b758610\" data-element_type=\"container\">\n\t\t\t\t<div class=\"elementor-element elementor-element-b13b7c5 elementor-arrows-position-inside elementor-pagination-position-outside elementor-widget elementor-widget-image-carousel\" data-id=\"b13b7c5\" data-element_type=\"widget\" data-settings=\"{&quot;slides_to_show&quot;:&quot;1&quot;,&quot;autoplay&quot;:&quot;no&quot;,&quot;navigation&quot;:&quot;both&quot;,&quot;infinite&quot;:&quot;yes&quot;,&quot;effect&quot;:&quot;slide&quot;,&quot;speed&quot;:500}\" data-widget_type=\"image-carousel.default\">\n\t\t\t\t<div class=\"elementor-widget-container\">\n\t\t\t\t\t\t\t<div class=\"elementor-image-carousel-wrapper swiper\" role=\"region\" aria-roledescription=\"carousel\" aria-label=\"Carrousel d\u2019images\" dir=\"ltr\">\n\t\t\t<div class=\"elementor-image-carousel swiper-wrapper\" aria-live=\"polite\">\n\t\t\t\t\t\t\t\t<div class=\"swiper-slide\" role=\"group\" aria-roledescription=\"slide\" aria-label=\"1 sur 2\"><figure class=\"swiper-slide-inner\"><img decoding=\"async\" class=\"swiper-slide-image\" src=\"https:\/\/continentduvin.fr\/wp-content\/uploads\/2024\/03\/insensato.png\" alt=\"insensato\" \/><\/figure><\/div><div class=\"swiper-slide\" role=\"group\" aria-roledescription=\"slide\" aria-label=\"2 sur 2\"><figure class=\"swiper-slide-inner\"><img decoding=\"async\" class=\"swiper-slide-image\" src=\"https:\/\/continentduvin.fr\/wp-content\/uploads\/2024\/03\/bodega-mateos.jpg\" alt=\"bodega mateos\" \/><\/figure><\/div>\t\t\t<\/div>\n\t\t\t\t\t\t\t\t\t\t\t\t<div class=\"elementor-swiper-button elementor-swiper-button-prev\" role=\"button\" tabindex=\"0\">\n\t\t\t\t\t\t<i aria-hidden=\"true\" class=\"eicon-chevron-left\"><\/i>\t\t\t\t\t<\/div>\n\t\t\t\t\t<div class=\"elementor-swiper-button elementor-swiper-button-next\" role=\"button\" tabindex=\"0\">\n\t\t\t\t\t\t<i aria-hidden=\"true\" class=\"eicon-chevron-right\"><\/i>\t\t\t\t\t<\/div>\n\t\t\t\t\n\t\t\t\t\t\t\t\t\t<div class=\"swiper-pagination\"><\/div>\n\t\t\t\t\t\t\t\t\t<\/div>\n\t\t\t\t\t\t<\/div>\n\t\t\t\t<\/div>\n\t\t\t\t<\/div>\n\t\t<div class=\"elementor-element elementor-element-ab32475 e-con-full e-flex e-con e-child\" data-id=\"ab32475\" data-element_type=\"container\">\n\t\t\t\t<div class=\"elementor-element elementor-element-8c0e12d elementor-widget elementor-widget-heading\" data-id=\"8c0e12d\" data-element_type=\"widget\" data-widget_type=\"heading.default\">\n\t\t\t\t<div class=\"elementor-widget-container\">\n\t\t\t\t\t<h2 class=\"elementor-heading-title elementor-size-default\"><font color=\"#000000\">Insensato - DOC Rioja\n<\/font><\/h2>\t\t\t\t<\/div>\n\t\t\t\t<\/div>\n\t\t\t\t<div class=\"elementor-element elementor-element-51a7860 elementor-widget elementor-widget-text-editor\" data-id=\"51a7860\" data-element_type=\"widget\" data-widget_type=\"text-editor.default\">\n\t\t\t\t<div class=\"elementor-widget-container\">\n\t\t\t\t\t\t\t\t\t<p align=\"JUSTIFY\">La Bodega de Mateos est implant\u00e9e depuis 1886 \u00e0 Aldeanueva de Ebro au sud-est de Logrono dans la Rioja Baja, entre 400 et 600m d\u2019altitude, qui est relativement \u00e9lev\u00e9 pour la r\u00e9gion. Mateo, le propri\u00e9taire du domaine, est issu d\u2019une famille d\u2019agriculteurs sur 7 g\u00e9n\u00e9rations. \u00ab La particularit\u00e9 de notre vignoble, ce sont les vieilles vignes, ce qui apportera davantage d\u2019expression aux vins. Et avec la r\u00e9implantation de c\u00e9pages, nous apportons de la modernit\u00e9 \u00e0 une r\u00e9gion traditionnelle \u00bb.<\/p>\n<p align=\"JUSTIFY\">Mateos propose ici la cuv\u00e9e Insensato provenant de la Rioja Baja. Une cuv\u00e9e tr\u00e8s atypique pour la Rioja car elle est compos\u00e9e uniquement de Grenache. Elle offre une nouvelle vision de la Rioja.<\/p>\n<p align=\"JUSTIFY\">\n<\/p><p align=\"JUSTIFY\">Robe cerise fonc\u00e9e, rouge brillant et intense, aux reflets violets. Au Nez, ar\u00f4me tr\u00e8s intense de fruits rouges (fraise, framboise et cassis), sur un fond balsamique et une touche bois\u00e9e. En bouche, go\u00fbt puissant et charnu en attaque, avec une concentration intense de fruits. Vin tr\u00e8s ample. Finale l\u00e9g\u00e8rement min\u00e9rale et tr\u00e8s douce, avec une belle acidit\u00e9.<\/p>\t\t\t\t\t\t\t\t<\/div>\n\t\t\t\t<\/div>\n\t\t\t\t<div class=\"elementor-element elementor-element-8a19d8a elementor-widget elementor-widget-button\" data-id=\"8a19d8a\" data-element_type=\"widget\" data-widget_type=\"button.default\">\n\t\t\t\t<div class=\"elementor-widget-container\">\n\t\t\t\t\t\t\t\t\t<div class=\"elementor-button-wrapper\">\n\t\t\t\t\t<a class=\"elementor-button elementor-button-link elementor-size-sm elementor-animation-grow\" href=\"https:\/\/continentduvin.fr\/wp-content\/uploads\/2025\/05\/MATEOS-Insensato.pdf\" target=\"_blank\">\n\t\t\t\t\t\t<span class=\"elementor-button-content-wrapper\">\n\t\t\t\t\t\t\t\t\t<span class=\"elementor-button-text\">T\u00e9l\u00e9chargez la fiche technique<\/span>\n\t\t\t\t\t<\/span>\n\t\t\t\t\t<\/a>\n\t\t\t\t<\/div>\n\t\t\t\t\t\t\t\t<\/div>\n\t\t\t\t<\/div>\n\t\t\t\t<\/div>\n\t\t\t\t\t<\/div>\n\t\t\t\t<\/div>\n\t\t<div class=\"elementor-element elementor-element-c2222a1 e-flex e-con-boxed e-con e-parent\" data-id=\"c2222a1\" data-element_type=\"container\">\n\t\t\t\t\t<div class=\"e-con-inner\">\n\t\t\t\t<div class=\"elementor-element elementor-element-16602ef elementor-widget-divider--view-line elementor-widget elementor-widget-divider\" data-id=\"16602ef\" data-element_type=\"widget\" data-widget_type=\"divider.default\">\n\t\t\t\t<div class=\"elementor-widget-container\">\n\t\t\t\t\t\t\t<div class=\"elementor-divider\">\n\t\t\t<span class=\"elementor-divider-separator\">\n\t\t\t\t\t\t<\/span>\n\t\t<\/div>\n\t\t\t\t\t\t<\/div>\n\t\t\t\t<\/div>\n\t\t\t\t\t<\/div>\n\t\t\t\t<\/div>\n\t\t<div class=\"elementor-element elementor-element-c8ba8de e-flex e-con-boxed e-con e-parent\" data-id=\"c8ba8de\" data-element_type=\"container\">\n\t\t\t\t\t<div class=\"e-con-inner\">\n\t\t<div class=\"elementor-element elementor-element-69ebcbe e-con-full e-flex e-con e-child\" data-id=\"69ebcbe\" data-element_type=\"container\">\n\t\t\t\t<div class=\"elementor-element elementor-element-fcae22b elementor-widget elementor-widget-heading\" data-id=\"fcae22b\" data-element_type=\"widget\" data-widget_type=\"heading.default\">\n\t\t\t\t<div class=\"elementor-widget-container\">\n\t\t\t\t\t<h2 class=\"elementor-heading-title elementor-size-default\">Pour toutes vos question ou pour nous contacter, veuillez remplir ce formulaire<\/h2>\t\t\t\t<\/div>\n\t\t\t\t<\/div>\n\t\t\t\t<div class=\"elementor-element elementor-element-37512a7 elementor-button-align-stretch elementor-widget elementor-widget-form\" data-id=\"37512a7\" data-element_type=\"widget\" data-settings=\"{&quot;step_next_label&quot;:&quot;Next&quot;,&quot;step_previous_label&quot;:&quot;Previous&quot;,&quot;button_width&quot;:&quot;100&quot;,&quot;step_type&quot;:&quot;number_text&quot;,&quot;step_icon_shape&quot;:&quot;circle&quot;}\" data-widget_type=\"form.default\">\n\t\t\t\t<div class=\"elementor-widget-container\">\n\t\t\t\t\t\t\t<form class=\"elementor-form\" method=\"post\" name=\"New Form\">\n\t\t\t<input type=\"hidden\" name=\"post_id\" value=\"10482\"\/>\n\t\t\t<input type=\"hidden\" name=\"form_id\" value=\"37512a7\"\/>\n\t\t\t<input type=\"hidden\" name=\"referer_title\" value=\"\" \/>\n\n\t\t\t\n\t\t\t<div class=\"elementor-form-fields-wrapper elementor-labels-above\">\n\t\t\t\t\t\t\t\t<div class=\"elementor-field-type-text elementor-field-group elementor-column elementor-field-group-name elementor-col-100\">\n\t\t\t\t\t\t\t\t\t\t\t\t<label for=\"form-field-name\" class=\"elementor-field-label\">\n\t\t\t\t\t\t\t\tNom Pr\u00e9nom\t\t\t\t\t\t\t<\/label>\n\t\t\t\t\t\t\t\t\t\t\t\t\t\t<input size=\"1\" type=\"text\" name=\"form_fields[name]\" id=\"form-field-name\" class=\"elementor-field elementor-size-sm  elementor-field-textual\" placeholder=\"Nom Pr\u00e9nom\">\n\t\t\t\t\t\t\t\t\t\t\t<\/div>\n\t\t\t\t\t\t\t\t<div class=\"elementor-field-type-email elementor-field-group elementor-column elementor-field-group-email elementor-col-100 elementor-field-required\">\n\t\t\t\t\t\t\t\t\t\t\t\t<label for=\"form-field-email\" class=\"elementor-field-label\">\n\t\t\t\t\t\t\t\tEmail\t\t\t\t\t\t\t<\/label>\n\t\t\t\t\t\t\t\t\t\t\t\t\t\t<input size=\"1\" type=\"email\" name=\"form_fields[email]\" id=\"form-field-email\" class=\"elementor-field elementor-size-sm  elementor-field-textual\" placeholder=\"Email\" required=\"required\" aria-required=\"true\">\n\t\t\t\t\t\t\t\t\t\t\t<\/div>\n\t\t\t\t\t\t\t\t<div class=\"elementor-field-type-textarea elementor-field-group elementor-column elementor-field-group-message elementor-col-100\">\n\t\t\t\t\t\t\t\t\t\t\t\t<label for=\"form-field-message\" class=\"elementor-field-label\">\n\t\t\t\t\t\t\t\tMessage\t\t\t\t\t\t\t<\/label>\n\t\t\t\t\t\t<textarea class=\"elementor-field-textual elementor-field  elementor-size-sm\" name=\"form_fields[message]\" id=\"form-field-message\" rows=\"4\" placeholder=\"Message\"><\/textarea>\t\t\t\t<\/div>\n\t\t\t\t\t\t\t\t<div class=\"elementor-field-type-recaptcha_v3 elementor-field-group elementor-column elementor-field-group-field_7bae0f1 elementor-col-100 recaptcha_v3-bottomright\">\n\t\t\t\t\t<div class=\"elementor-field\" id=\"form-field-field_7bae0f1\"><div class=\"elementor-g-recaptcha\" data-sitekey=\"6Lcoq0wqAAAAAIrFMkl6wJ73w31jG70dUBy1io2L\" data-type=\"v3\" data-action=\"Form\" data-badge=\"bottomright\" data-size=\"invisible\"><\/div><\/div>\t\t\t\t<\/div>\n\t\t\t\t\t\t\t\t<div class=\"elementor-field-group elementor-column elementor-field-type-submit elementor-col-100 e-form__buttons\">\n\t\t\t\t\t<button type=\"submit\" class=\"elementor-button elementor-size-sm\">\n\t\t\t\t\t\t<span >\n\t\t\t\t\t\t\t\t\t\t\t\t\t\t\t<span class=\" elementor-button-icon\">\n\t\t\t\t\t\t\t\t\t\t\t\t\t\t\t\t\t\t\t\t\t\t\t\t\t\t<\/span>\n\t\t\t\t\t\t\t\t\t\t\t\t\t\t\t\t\t\t\t\t\t\t<span class=\"elementor-button-text\">Envoyer<\/span>\n\t\t\t\t\t\t\t\t\t\t\t\t\t<\/span>\n\t\t\t\t\t<\/button>\n\t\t\t\t<\/div>\n\t\t\t<\/div>\n\t\t<\/form>\n\t\t\t\t\t\t<\/div>\n\t\t\t\t<\/div>\n\t\t\t\t<\/div>\n\t\t<div class=\"elementor-element elementor-element-ef0ac46 e-con-full e-flex e-con e-child\" data-id=\"ef0ac46\" data-element_type=\"container\">\n\t\t<div class=\"elementor-element elementor-element-e5c0145 e-flex e-con-boxed e-con e-child\" data-id=\"e5c0145\" data-element_type=\"container\">\n\t\t\t\t\t<div class=\"e-con-inner\">\n\t\t\t\t<div class=\"elementor-element elementor-element-a7c9b35 elementor-widget elementor-widget-google_maps\" data-id=\"a7c9b35\" data-element_type=\"widget\" data-widget_type=\"google_maps.default\">\n\t\t\t\t<div class=\"elementor-widget-container\">\n\t\t\t\t\t\t\t<div class=\"elementor-custom-embed\">\n\t\t\t<iframe loading=\"lazy\"\n\t\t\t\t\tsrc=\"https:\/\/maps.google.com\/maps?q=LE%20PINIER%20%2044690%20CHATEAU-THEBAUD&#038;t=m&#038;z=10&#038;output=embed&#038;iwloc=near\"\n\t\t\t\t\ttitle=\"LE PINIER  44690 CHATEAU-THEBAUD\"\n\t\t\t\t\taria-label=\"LE PINIER  44690 CHATEAU-THEBAUD\"\n\t\t\t><\/iframe>\n\t\t<\/div>\n\t\t\t\t\t\t<\/div>\n\t\t\t\t<\/div>\n\t\t\t\t<div class=\"elementor-element elementor-element-5ba1403 elementor-widget elementor-widget-text-editor\" data-id=\"5ba1403\" data-element_type=\"widget\" data-widget_type=\"text-editor.default\">\n\t\t\t\t<div class=\"elementor-widget-container\">\n\t\t\t\t\t\t\t\t\t<p>Tel : <a href=\"tel:0240656253\" target=\"_blank\" rel=\"noopener\">02.40.65.62.53<\/a><\/p>\t\t\t\t\t\t\t\t<\/div>\n\t\t\t\t<\/div>\n\t\t\t\t<div class=\"elementor-element elementor-element-3701979 elementor-widget elementor-widget-text-editor\" data-id=\"3701979\" data-element_type=\"widget\" data-widget_type=\"text-editor.default\">\n\t\t\t\t<div class=\"elementor-widget-container\">\n\t\t\t\t\t\t\t\t\t<p>Mail : <a href=\"mailto:continentduvin@gmail.com\" target=\"_blank\" rel=\"noopener\">continentduvin@gmail.com<\/a><\/p>\t\t\t\t\t\t\t\t<\/div>\n\t\t\t\t<\/div>\n\t\t\t\t<div class=\"elementor-element elementor-element-89d3f1c elementor-shape-circle e-grid-align-left elementor-grid-0 elementor-widget elementor-widget-social-icons\" data-id=\"89d3f1c\" data-element_type=\"widget\" data-widget_type=\"social-icons.default\">\n\t\t\t\t<div class=\"elementor-widget-container\">\n\t\t\t\t\t\t\t<div class=\"elementor-social-icons-wrapper elementor-grid\">\n\t\t\t\t\t\t\t<span class=\"elementor-grid-item\">\n\t\t\t\t\t<a class=\"elementor-icon elementor-social-icon elementor-social-icon-facebook elementor-repeater-item-fad1eeb\" href=\"https:\/\/www.facebook.com\/ContinentDuVin\" target=\"_blank\">\n\t\t\t\t\t\t<span class=\"elementor-screen-only\">Facebook<\/span>\n\t\t\t\t\t\t<i class=\"fab fa-facebook\"><\/i>\t\t\t\t\t<\/a>\n\t\t\t\t<\/span>\n\t\t\t\t\t\t\t<span class=\"elementor-grid-item\">\n\t\t\t\t\t<a class=\"elementor-icon elementor-social-icon elementor-social-icon-instagram elementor-repeater-item-f51421e\" href=\"https:\/\/www.instagram.com\/continent_du_vin\/\" target=\"_blank\">\n\t\t\t\t\t\t<span class=\"elementor-screen-only\">Instagram<\/span>\n\t\t\t\t\t\t<i class=\"fab fa-instagram\"><\/i>\t\t\t\t\t<\/a>\n\t\t\t\t<\/span>\n\t\t\t\t\t<\/div>\n\t\t\t\t\t\t<\/div>\n\t\t\t\t<\/div>\n\t\t\t\t\t<\/div>\n\t\t\t\t<\/div>\n\t\t<div class=\"elementor-element elementor-element-c7d81df e-flex e-con-boxed e-con e-child\" data-id=\"c7d81df\" data-element_type=\"container\">\n\t\t\t\t\t<div class=\"e-con-inner\">\n\t\t\t\t<div class=\"elementor-element elementor-element-da635f5 elementor-widget elementor-widget-text-editor\" data-id=\"da635f5\" data-element_type=\"widget\" data-widget_type=\"text-editor.default\">\n\t\t\t\t<div class=\"elementor-widget-container\">\n\t\t\t\t\t\t\t\t\t<p>L&rsquo;abus d&rsquo;alcool est dangereux pour la sant\u00e9. A consommer avec mod\u00e9ration<\/p>\t\t\t\t\t\t\t\t<\/div>\n\t\t\t\t<\/div>\n\t\t\t\t\t<\/div>\n\t\t\t\t<\/div>\n\t\t\t\t<\/div>\n\t\t\t\t\t<\/div>\n\t\t\t\t<\/div>\n\t\t\t\t<\/div>\n\t\t","protected":false},"excerpt":{"rendered":"<p>Insensato &#8211; DOC Rioja La Bodega de Mateos est implant\u00e9e depuis 1886 \u00e0 Aldeanueva de Ebro au sud-est de Logrono dans la Rioja Baja, entre 400 et 600m d\u2019altitude, qui est relativement \u00e9lev\u00e9 pour la r\u00e9gion. Mateo, le propri\u00e9taire du domaine, est issu d\u2019une famille d\u2019agriculteurs sur 7 g\u00e9n\u00e9rations. \u00ab La particularit\u00e9 de notre vignoble, [&hellip;]<\/p>\n","protected":false},"author":1,"featured_media":0,"parent":0,"menu_order":0,"comment_status":"closed","ping_status":"closed","template":"","meta":{"_lmt_disableupdate":"no","_lmt_disable":"","site-sidebar-layout":"no-sidebar","site-content-layout":"page-builder","ast-site-content-layout":"full-width-container","site-content-style":"default","site-sidebar-style":"default","ast-global-header-display":"","ast-banner-title-visibility":"","ast-main-header-display":"","ast-hfb-above-header-display":"","ast-hfb-below-header-display":"","ast-hfb-mobile-header-display":"","site-post-title":"disabled","ast-breadcrumbs-content":"","ast-featured-img":"disabled","footer-sml-layout":"","theme-transparent-header-meta":"","adv-header-id-meta":"","stick-header-meta":"","header-above-stick-meta":"","header-main-stick-meta":"","header-below-stick-meta":"","astra-migrate-meta-layouts":"set","ast-page-background-enabled":"default","ast-page-background-meta":{"desktop":{"background-color":"","background-image":"","background-repeat":"repeat","background-position":"center center","background-size":"auto","background-attachment":"scroll","background-type":"","background-media":"","overlay-type":"","overlay-color":"","overlay-gradient":""},"tablet":{"background-color":"","background-image":"","background-repeat":"repeat","background-position":"center center","background-size":"auto","background-attachment":"scroll","background-type":"","background-media":"","overlay-type":"","overlay-color":"","overlay-gradient":""},"mobile":{"background-color":"","background-image":"","background-repeat":"repeat","background-position":"center center","background-size":"auto","background-attachment":"scroll","background-type":"","background-media":"","overlay-type":"","overlay-color":"","overlay-gradient":""}},"ast-content-background-meta":{"desktop":{"background-color":"var(--ast-global-color-5)","background-image":"","background-repeat":"repeat","background-position":"center center","background-size":"auto","background-attachment":"scroll","background-type":"","background-media":"","overlay-type":"","overlay-color":"","overlay-gradient":""},"tablet":{"background-color":"var(--ast-global-color-5)","background-image":"","background-repeat":"repeat","background-position":"center center","background-size":"auto","background-attachment":"scroll","background-type":"","background-media":"","overlay-type":"","overlay-color":"","overlay-gradient":""},"mobile":{"background-color":"var(--ast-global-color-5)","background-image":"","background-repeat":"repeat","background-position":"center center","background-size":"auto","background-attachment":"scroll","background-type":"","background-media":"","overlay-type":"","overlay-color":"","overlay-gradient":""}},"footnotes":""},"yoast_head":"<!-- This site is optimized with the Yoast SEO plugin v23.5 - https:\/\/yoast.com\/wordpress\/plugins\/seo\/ -->\n<title>Mateos - Insensato - DOC Rioja -<\/title>\n<meta name=\"robots\" content=\"index, follow, max-snippet:-1, max-image-preview:large, max-video-preview:-1\" \/>\n<link rel=\"canonical\" href=\"https:\/\/continentduvin.fr\/importateur-de-vin-du-monde\/mateos-insensato-doc-rioja-vin-espagnol\/\" \/>\n<meta property=\"og:locale\" content=\"fr_FR\" \/>\n<meta property=\"og:type\" content=\"article\" \/>\n<meta property=\"og:title\" content=\"Mateos - Insensato - DOC Rioja -\" \/>\n<meta property=\"og:description\" content=\"Insensato &#8211; DOC Rioja La Bodega de Mateos est implant\u00e9e depuis 1886 \u00e0 Aldeanueva de Ebro au sud-est de Logrono dans la Rioja Baja, entre 400 et 600m d\u2019altitude, qui est relativement \u00e9lev\u00e9 pour la r\u00e9gion. Mateo, le propri\u00e9taire du domaine, est issu d\u2019une famille d\u2019agriculteurs sur 7 g\u00e9n\u00e9rations. \u00ab La particularit\u00e9 de notre vignoble, [&hellip;]\" \/>\n<meta property=\"og:url\" content=\"https:\/\/continentduvin.fr\/importateur-de-vin-du-monde\/mateos-insensato-doc-rioja-vin-espagnol\/\" \/>\n<meta property=\"article:modified_time\" content=\"2025-08-29T13:04:58+00:00\" \/>\n<meta property=\"og:image\" content=\"https:\/\/continentduvin.fr\/wp-content\/uploads\/2024\/03\/insensato.png\" \/>\n<meta name=\"twitter:card\" content=\"summary_large_image\" \/>\n<meta name=\"twitter:label1\" content=\"Dur\u00e9e de lecture estim\u00e9e\" \/>\n\t<meta name=\"twitter:data1\" content=\"2 minutes\" \/>\n<script type=\"application\/ld+json\" class=\"yoast-schema-graph\">{\"@context\":\"https:\/\/schema.org\",\"@graph\":[{\"@type\":\"WebPage\",\"@id\":\"https:\/\/continentduvin.fr\/importateur-de-vin-du-monde\/mateos-insensato-doc-rioja-vin-espagnol\/\",\"url\":\"https:\/\/continentduvin.fr\/importateur-de-vin-du-monde\/mateos-insensato-doc-rioja-vin-espagnol\/\",\"name\":\"Mateos - Insensato - DOC Rioja -\",\"isPartOf\":{\"@id\":\"https:\/\/continentduvin.fr\/importateur-de-vin-du-monde\/#website\"},\"primaryImageOfPage\":{\"@id\":\"https:\/\/continentduvin.fr\/importateur-de-vin-du-monde\/mateos-insensato-doc-rioja-vin-espagnol\/#primaryimage\"},\"image\":{\"@id\":\"https:\/\/continentduvin.fr\/importateur-de-vin-du-monde\/mateos-insensato-doc-rioja-vin-espagnol\/#primaryimage\"},\"thumbnailUrl\":\"https:\/\/continentduvin.fr\/wp-content\/uploads\/2024\/03\/insensato.png\",\"datePublished\":\"2024-03-22T13:53:25+00:00\",\"dateModified\":\"2025-08-29T13:04:58+00:00\",\"breadcrumb\":{\"@id\":\"https:\/\/continentduvin.fr\/importateur-de-vin-du-monde\/mateos-insensato-doc-rioja-vin-espagnol\/#breadcrumb\"},\"inLanguage\":\"fr-FR\",\"potentialAction\":[{\"@type\":\"ReadAction\",\"target\":[\"https:\/\/continentduvin.fr\/importateur-de-vin-du-monde\/mateos-insensato-doc-rioja-vin-espagnol\/\"]}]},{\"@type\":\"ImageObject\",\"inLanguage\":\"fr-FR\",\"@id\":\"https:\/\/continentduvin.fr\/importateur-de-vin-du-monde\/mateos-insensato-doc-rioja-vin-espagnol\/#primaryimage\",\"url\":\"https:\/\/continentduvin.fr\/wp-content\/uploads\/2024\/03\/insensato.png\",\"contentUrl\":\"https:\/\/continentduvin.fr\/wp-content\/uploads\/2024\/03\/insensato.png\"},{\"@type\":\"BreadcrumbList\",\"@id\":\"https:\/\/continentduvin.fr\/importateur-de-vin-du-monde\/mateos-insensato-doc-rioja-vin-espagnol\/#breadcrumb\",\"itemListElement\":[{\"@type\":\"ListItem\",\"position\":1,\"name\":\"Accueil\",\"item\":\"https:\/\/continentduvin.fr\/importateur-de-vin-du-monde\/\"},{\"@type\":\"ListItem\",\"position\":2,\"name\":\"Mateos &#8211; Insensato &#8211; DOC Rioja\"}]},{\"@type\":\"WebSite\",\"@id\":\"https:\/\/continentduvin.fr\/importateur-de-vin-du-monde\/#website\",\"url\":\"https:\/\/continentduvin.fr\/importateur-de-vin-du-monde\/\",\"name\":\"\",\"description\":\"Importateur de Vins du Monde depuis 2004\",\"potentialAction\":[{\"@type\":\"SearchAction\",\"target\":{\"@type\":\"EntryPoint\",\"urlTemplate\":\"https:\/\/continentduvin.fr\/importateur-de-vin-du-monde\/?s={search_term_string}\"},\"query-input\":{\"@type\":\"PropertyValueSpecification\",\"valueRequired\":true,\"valueName\":\"search_term_string\"}}],\"inLanguage\":\"fr-FR\"}]}<\/script>\n<!-- \/ Yoast SEO plugin. -->","yoast_head_json":{"title":"Mateos - Insensato - DOC Rioja -","robots":{"index":"index","follow":"follow","max-snippet":"max-snippet:-1","max-image-preview":"max-image-preview:large","max-video-preview":"max-video-preview:-1"},"canonical":"https:\/\/continentduvin.fr\/importateur-de-vin-du-monde\/mateos-insensato-doc-rioja-vin-espagnol\/","og_locale":"fr_FR","og_type":"article","og_title":"Mateos - Insensato - DOC Rioja -","og_description":"Insensato &#8211; DOC Rioja La Bodega de Mateos est implant\u00e9e depuis 1886 \u00e0 Aldeanueva de Ebro au sud-est de Logrono dans la Rioja Baja, entre 400 et 600m d\u2019altitude, qui est relativement \u00e9lev\u00e9 pour la r\u00e9gion. Mateo, le propri\u00e9taire du domaine, est issu d\u2019une famille d\u2019agriculteurs sur 7 g\u00e9n\u00e9rations. \u00ab La particularit\u00e9 de notre vignoble, [&hellip;]","og_url":"https:\/\/continentduvin.fr\/importateur-de-vin-du-monde\/mateos-insensato-doc-rioja-vin-espagnol\/","article_modified_time":"2025-08-29T13:04:58+00:00","og_image":[{"url":"https:\/\/continentduvin.fr\/wp-content\/uploads\/2024\/03\/insensato.png"}],"twitter_card":"summary_large_image","twitter_misc":{"Dur\u00e9e de lecture estim\u00e9e":"2 minutes"},"schema":{"@context":"https:\/\/schema.org","@graph":[{"@type":"WebPage","@id":"https:\/\/continentduvin.fr\/importateur-de-vin-du-monde\/mateos-insensato-doc-rioja-vin-espagnol\/","url":"https:\/\/continentduvin.fr\/importateur-de-vin-du-monde\/mateos-insensato-doc-rioja-vin-espagnol\/","name":"Mateos - Insensato - DOC Rioja -","isPartOf":{"@id":"https:\/\/continentduvin.fr\/importateur-de-vin-du-monde\/#website"},"primaryImageOfPage":{"@id":"https:\/\/continentduvin.fr\/importateur-de-vin-du-monde\/mateos-insensato-doc-rioja-vin-espagnol\/#primaryimage"},"image":{"@id":"https:\/\/continentduvin.fr\/importateur-de-vin-du-monde\/mateos-insensato-doc-rioja-vin-espagnol\/#primaryimage"},"thumbnailUrl":"https:\/\/continentduvin.fr\/wp-content\/uploads\/2024\/03\/insensato.png","datePublished":"2024-03-22T13:53:25+00:00","dateModified":"2025-08-29T13:04:58+00:00","breadcrumb":{"@id":"https:\/\/continentduvin.fr\/importateur-de-vin-du-monde\/mateos-insensato-doc-rioja-vin-espagnol\/#breadcrumb"},"inLanguage":"fr-FR","potentialAction":[{"@type":"ReadAction","target":["https:\/\/continentduvin.fr\/importateur-de-vin-du-monde\/mateos-insensato-doc-rioja-vin-espagnol\/"]}]},{"@type":"ImageObject","inLanguage":"fr-FR","@id":"https:\/\/continentduvin.fr\/importateur-de-vin-du-monde\/mateos-insensato-doc-rioja-vin-espagnol\/#primaryimage","url":"https:\/\/continentduvin.fr\/wp-content\/uploads\/2024\/03\/insensato.png","contentUrl":"https:\/\/continentduvin.fr\/wp-content\/uploads\/2024\/03\/insensato.png"},{"@type":"BreadcrumbList","@id":"https:\/\/continentduvin.fr\/importateur-de-vin-du-monde\/mateos-insensato-doc-rioja-vin-espagnol\/#breadcrumb","itemListElement":[{"@type":"ListItem","position":1,"name":"Accueil","item":"https:\/\/continentduvin.fr\/importateur-de-vin-du-monde\/"},{"@type":"ListItem","position":2,"name":"Mateos &#8211; Insensato &#8211; DOC Rioja"}]},{"@type":"WebSite","@id":"https:\/\/continentduvin.fr\/importateur-de-vin-du-monde\/#website","url":"https:\/\/continentduvin.fr\/importateur-de-vin-du-monde\/","name":"","description":"Importateur de Vins du Monde depuis 2004","potentialAction":[{"@type":"SearchAction","target":{"@type":"EntryPoint","urlTemplate":"https:\/\/continentduvin.fr\/importateur-de-vin-du-monde\/?s={search_term_string}"},"query-input":{"@type":"PropertyValueSpecification","valueRequired":true,"valueName":"search_term_string"}}],"inLanguage":"fr-FR"}]}},"_links":{"self":[{"href":"https:\/\/continentduvin.fr\/importateur-de-vin-du-monde\/wp-json\/wp\/v2\/pages\/10482"}],"collection":[{"href":"https:\/\/continentduvin.fr\/importateur-de-vin-du-monde\/wp-json\/wp\/v2\/pages"}],"about":[{"href":"https:\/\/continentduvin.fr\/importateur-de-vin-du-monde\/wp-json\/wp\/v2\/types\/page"}],"author":[{"embeddable":true,"href":"https:\/\/continentduvin.fr\/importateur-de-vin-du-monde\/wp-json\/wp\/v2\/users\/1"}],"replies":[{"embeddable":true,"href":"https:\/\/continentduvin.fr\/importateur-de-vin-du-monde\/wp-json\/wp\/v2\/comments?post=10482"}],"version-history":[{"count":9,"href":"https:\/\/continentduvin.fr\/importateur-de-vin-du-monde\/wp-json\/wp\/v2\/pages\/10482\/revisions"}],"predecessor-version":[{"id":16672,"href":"https:\/\/continentduvin.fr\/importateur-de-vin-du-monde\/wp-json\/wp\/v2\/pages\/10482\/revisions\/16672"}],"wp:attachment":[{"href":"https:\/\/continentduvin.fr\/importateur-de-vin-du-monde\/wp-json\/wp\/v2\/media?parent=10482"}],"curies":[{"name":"wp","href":"https:\/\/api.w.org\/{rel}","templated":true}]}}